{"id":12,"date":"2023-02-22T02:49:18","date_gmt":"2023-02-22T02:49:18","guid":{"rendered":"https:\/\/powertisment.com\/?page_id=12"},"modified":"2023-07-28T03:37:37","modified_gmt":"2023-07-28T03:37:37","slug":"about-us","status":"publish","type":"page","link":"https:\/\/myvapeflavour.com\/vn\/about-us.html","title":{"rendered":"V\u1ec1 ch\u00fang t\u00f4i"},"content":{"rendered":"\n<p>\u0110\u01b0\u1ee3c th\u00e0nh l\u1eadp b\u1edfi t\u1ed5 ti\u00ean \u00dac c\u1ee7a ch\u00fang t\u00f4i t\u1eeb Sydney \u00dac, ch\u00fang t\u00f4i hi\u1ec7n \u0111\u00e3 tr\u1edf th\u00e0nh nh\u00e0 s\u1ea3n xu\u1ea5t nguy\u00ean li\u1ec7u tinh khi\u1ebft h\u01b0\u01a1ng v\u1ecb \u0111i\u1ec7n t\u1eed ch\u1ea5t l\u01b0\u1ee3ng cao v\u00e0 c\u00f3 uy t\u00edn nh\u1ea5t v\u1edbi 2 c\u01a1 s\u1edf s\u1ea3n xu\u1ea5t hi\u1ec7n \u0111\u1ea1i \u0111\u01b0\u1ee3c th\u00e0nh l\u1eadp trong 600 + tri\u1ec7u d\u00e2n mi\u1ec1n Nam \u0110\u00f4ng \u00c1, t\u1ecda l\u1ea1c t\u1ea1i th\u00e0nh ph\u1ed1 nhi\u1ec7t \u0111\u1edbi hi\u1ec7n \u0111\u1ea1i c\u1ee7a Kuala Lumpur Malaysia. B\u1eb1ng c\u00e1ch t\u1ea1o ra h\u01b0\u01a1ng v\u1ecb t\u1eadp trung t\u00f9y ch\u1ec9nh cho nhi\u1ec1u nh\u00e0 s\u1ea3n xu\u1ea5t bia v\u00e0 nh\u00e0 pha ch\u1ebf chuy\u00ean nghi\u1ec7p c\u1ee7a ch\u00fang t\u00f4i tr\u00ean to\u00e0n th\u1ebf gi\u1edbi, ch\u00fang t\u00f4i r\u1ea5t t\u1ef1 h\u00e0o khi h\u1ee3p t\u00e1c v\u1edbi h\u1ecd trong con \u0111\u01b0\u1eddng m\u1ea1o hi\u1ec3m t\u00ecm ki\u1ebfm h\u1ed7n h\u1ee3p n\u01b0\u1edbc tr\u00e1i c\u00e2y ho\u00e0n h\u1ea3o c\u1ee7a h\u1ecd. \u0110am m\u00ea theo \u0111u\u1ed5i s\u1ef1 xu\u1ea5t s\u1eafc cho vape c\u1ee7a b\u1ea1n, ejuice c\u1ee7a b\u1ea1n, theo c\u00e1ch c\u1ee7a b\u1ea1n.<\/p>\n\n\n\n<h2 class=\"wp-block-heading\">D\u1ecbch v\u1ee5 c\u1ee7a ch\u00fang t\u00f4i<\/h2>\n\n\n\n<p>D\u1ecbch v\u1ee5 c\u1ee7a ch\u00fang t\u00f4i<\/p>\n\n\n\n<p>C\u00e1c ch\u1ea5t c\u00f4 \u0111\u1eb7c h\u01b0\u01a1ng v\u1ecb \u0111i\u1ec7n t\u1eed c\u1ee7a ch\u00fang t\u00f4i \u0111\u01b0\u1ee3c thi\u1ebft k\u1ebf v\u00e0 t\u1ea1o ra b\u1edfi c\u00e1c nh\u00e0 h\u01b0\u01a1ng li\u1ec7u \u0111\u01b0\u1ee3c \u0111\u00e0o t\u1ea1o t\u1ea1i Anh c\u00f3 kinh nghi\u1ec7m c\u1ee7a ch\u00fang t\u00f4i b\u1eb1ng c\u00e1ch s\u1eed d\u1ee5ng c\u00e1c th\u00e0nh ph\u1ea7n h\u01b0\u01a1ng v\u1ecb \u0111\u01b0\u1ee3c ph\u00ea duy\u1ec7t Fema 100% th\u1ef1c ph\u1ea9m. Th\u01b0 vi\u1ec7n s\u1ea3n ph\u1ea9m c\u1ee7a ch\u00fang t\u00f4i \u0111ang m\u1edf r\u1ed9ng nhanh ch\u00f3ng v\u00e0 hi\u1ec7n t\u1ea1i ch\u00fang t\u00f4i \u0111\u00e3 ph\u00e1t tri\u1ec3n th\u00e0nh c\u00f4ng h\u01a1n 600 + lo\u1ea1i tinh qu\u1eb7ng b\u00e1n ph\u1ed5 bi\u1ebfn cho kh\u00e1ch h\u00e0ng tr\u00ean to\u00e0n th\u1ebf gi\u1edbi. Khi ch\u00fang t\u00f4i x\u00e2y d\u1ef1ng v\u00e0 x\u00e2y d\u1ef1ng c\u00e1c ch\u1ea5t c\u00f4 \u0111\u1eb7c h\u01b0\u01a1ng v\u1ecb c\u1ee7a ch\u00fang t\u00f4i t\u1eeb c\u00e1c th\u00e0nh ph\u1ea7n th\u00f4, ch\u00fang t\u00f4i hi\u1ec3u s\u00e2u v\u1ec1 c\u00e1c ti\u00eau chu\u1ea9n an to\u00e0n \u0111\u1ed9c t\u00ednh v\u00e0 ph\u00e1t th\u1ea3i c\u1ea7n thi\u1ebft theo lu\u1eadt TPD m\u1edbi c\u1ee7a EU. Ch\u00fang t\u00f4i \u0111\u00e3 \u00e1p d\u1ee5ng c\u00e1ch ti\u1ebfp c\u1eadn r\u1ea5t b\u1ea3o th\u1ee7 \u0111\u1ec3 ph\u00e1t tri\u1ec3n c\u00e1c ch\u1ea5t c\u00f4 \u0111\u1eb7c h\u01b0\u01a1ng v\u1ecb \u0111i\u1ec7n t\u1eed tu\u00e2n th\u1ee7 TPD c\u1ee7a EU nh\u1eb1m \u0111\u1ea3m b\u1ea3o s\u1ef1 an t\u00e2m l\u00e2u d\u00e0i c\u1ee7a b\u1ea1n trong vi\u1ec7c s\u1eed d\u1ee5ng h\u01b0\u01a1ng li\u1ec7u c\u1ee7a ch\u00fang t\u00f4i v\u00e0o e-ch\u1ea5t l\u1ecfng. L\u1ea7n ki\u1ec3m tra cu\u1ed1i c\u00f9ng, ch\u00fang t\u00f4i \u0111\u00e3 t\u1ea1o ra h\u01a1n 200 + c\u00f4 \u0111\u1eb7c h\u01b0\u01a1ng v\u1ecb tu\u00e2n th\u1ee7 TPD cao c\u1ea5p c\u1ee7a EU.<\/p>\n\n\n\n<h2 class=\"wp-block-heading\">Ti\u00eau chu\u1ea9n an to\u00e0n &amp; c\u00f4ng nh\u1eadn<\/h2>\n\n\n\n<p>Ch\u00fang t\u00f4i xu\u1ea5t kh\u1ea9u sang h\u01a1n 28 qu\u1ed1c gia tr\u00ean to\u00e0n th\u1ebf gi\u1edbi v\u1edbi s\u1ef1 tu\u00e2n th\u1ee7 \u0111\u1ea7y \u0111\u1ee7 v\u00e0 nghi\u00eam ng\u1eb7t c\u00e1c ti\u00eau chu\u1ea9n an to\u00e0n th\u1ef1c ph\u1ea9m. T\u1ea5t c\u1ea3 c\u00e1c c\u01a1 s\u1edf s\u1ea3n xu\u1ea5t c\u1ee7a ch\u00fang t\u00f4i \u0111\u1ec1u \u0111\u01b0\u1ee3c ch\u1ee9ng nh\u1eadn b\u1edfi Ti\u00eau chu\u1ea9n \u0111\u01b0\u1ee3c c\u00f4ng nh\u1eadn c\u1ee7a V\u01b0\u01a1ng qu\u1ed1c Anh ( UKAS ) l\u00e0 c\u01a1 quan c\u00f4ng nh\u1eadn qu\u1ed1c gia cho Anh. UKAS \u0111\u01b0\u1ee3c ch\u00ednh ph\u1ee7 c\u00f4ng nh\u1eadn r\u1ed9ng r\u00e3i, \u0111\u1ec3 \u0111\u00e1nh gi\u00e1 c\u00e1c ti\u00eau chu\u1ea9n \u0111\u00e3 \u0111\u01b0\u1ee3c qu\u1ed1c t\u1ebf th\u1ed1ng nh\u1ea5t v\u00e0 cung c\u1ea5p c\u00e1c d\u1ecbch v\u1ee5 ch\u1ee9ng nh\u1eadn, th\u1eed nghi\u1ec7m, ki\u1ec3m tra v\u00e0 hi\u1ec7u chu\u1ea9n. Ch\u00fang t\u00f4i \u0111\u00e3 mua UKAS ISO 9001: 2008 H\u1ec7 th\u1ed1ng qu\u1ea3n l\u00fd ch\u1ea5t l\u01b0\u1ee3ng, UKAS ISO22000: 2005 H\u1ec7 th\u1ed1ng qu\u1ea3n l\u00fd an to\u00e0n th\u1ef1c ph\u1ea9m, Th\u1ef1c h\u00e0nh s\u1ea3n xu\u1ea5t t\u1ed1t ( GMP ) v\u00e0 Ph\u00e2n t\u00edch m\u1ed1i nguy v\u00e0 c\u00e1c \u0111i\u1ec3m ki\u1ec3m so\u00e1t quan tr\u1ecdng ( HACCP ). T\u1ea5t c\u1ea3 c\u00e1c s\u1ea3n ph\u1ea9m c\u1ee7a ch\u00fang t\u00f4i \u0111\u01b0\u1ee3c ch\u1ee9ng nh\u1eadn theo th\u1ea9m quy\u1ec1n Halal \u1edf Malaysia. Ch\u00fang t\u00f4i c\u0169ng \u0111\u01b0\u1ee3c ch\u1ee9ng nh\u1eadn Kosher theo Beth Din, London. L\u00e0 m\u1ed9t ph\u1ea7n c\u1ee7a Tr\u00e1ch nhi\u1ec7m x\u00e3 h\u1ed9i doanh nghi\u1ec7p c\u1ee7a ch\u00fang t\u00f4i ( CSR ), ch\u00fang t\u00f4i \u0111\u00e3 \u0111\u01b0\u1ee3c \u0111\u0103ng k\u00fd v\u1edbi Sedex \u00ae, t\u1ed5 ch\u1ee9c qu\u1ed1c t\u1ebf c\u00f3 uy t\u00edn cao kh\u00f4ng d\u00e0nh cho t\u1ed5 ch\u1ee9c th\u00e0nh vi\u00ean l\u1ee3i nhu\u1eadn chuy\u00ean th\u00fac \u0111\u1ea9y c\u1ea3i ti\u1ebfn c\u00e1c ho\u1ea1t \u0111\u1ed9ng kinh doanh c\u00f3 tr\u00e1ch nhi\u1ec7m v\u00e0 \u0111\u1ea1o \u0111\u1ee9c trong chu\u1ed7i cung \u1ee9ng to\u00e0n c\u1ea7u t\u1eadp trung v\u00e0o b\u1ed1n l\u0129nh v\u1ef1c ch\u00ednh Ti\u00eau chu\u1ea9n Lao \u0111\u1ed9ng, S\u1ee9c kh\u1ecfe v\u00e0 An to\u00e0n, M\u00f4i tr\u01b0\u1eddng v\u00e0 Th\u1ef1c ti\u1ec5n Kinh doanh.<\/p>\n\n\n\n<figure class=\"wp-block-image size-large is-style-default\"><img loading=\"lazy\" decoding=\"async\" width=\"1024\" height=\"1024\" src=\"https:\/\/myvapeflavour.com\/vn\/vn\/Media\/2023\/04\/lucky_draw_1701x1700px-1024x1024.png\" alt=\"\" class=\"wp-image-687\" srcset=\"https:\/\/myvapeflavour.com\/vn\/Media\/2023\/04\/lucky_draw_1701x1700px-1024x1024.png 1024w, https:\/\/myvapeflavour.com\/vn\/Media\/2023\/04\/lucky_draw_1701x1700px-300x300.png 300w, https:\/\/myvapeflavour.com\/vn\/Media\/2023\/04\/lucky_draw_1701x1700px-150x150.png 150w, https:\/\/myvapeflavour.com\/vn\/Media\/2023\/04\/lucky_draw_1701x1700px-768x768.png 768w, https:\/\/myvapeflavour.com\/vn\/Media\/2023\/04\/lucky_draw_1701x1700px-1536x1536.png 1536w, https:\/\/myvapeflavour.com\/vn\/Media\/2023\/04\/lucky_draw_1701x1700px-100x100.png 100w, https:\/\/myvapeflavour.com\/vn\/Media\/2023\/04\/lucky_draw_1701x1700px-600x600.png 600w, https:\/\/myvapeflavour.com\/vn\/Media\/2023\/04\/lucky_draw_1701x1700px.png 1701w\" sizes=\"auto, (max-width: 1024px) 100vw, 1024px\" \/><\/figure>\n","protected":false},"excerpt":{"rendered":"<p>\u0110\u01b0\u1ee3c th\u00e0nh l\u1eadp b\u1edfi t\u1ed5 ti\u00ean \u00dac c\u1ee7a ch\u00fang t\u00f4i t\u1eeb Sydney \u00dac, ch\u00fang t\u00f4i hi\u1ec7n \u0111\u00e3 tr\u1edf th\u00e0nh nh\u00e0 &hellip;<\/p>\n","protected":false},"author":1,"featured_media":0,"parent":0,"menu_order":0,"comment_status":"closed","ping_status":"closed","template":"templates\/full-width-page.php","meta":{"_themeisle_gutenberg_block_has_review":false,"footnotes":""},"class_list":["post-12","page","type-page","status-publish","hentry"],"yoast_head":"<!-- This site is optimized with the Yoast SEO plugin v20.9 - https:\/\/yoast.com\/wordpress\/plugins\/seo\/ -->\n<title>V\u1ec1 ch\u00fang t\u00f4i - Myvapeflavour.com - Reka Flavour Concentrates<\/title>\n<meta name=\"robots\" content=\"index, follow, max-snippet:-1, max-image-preview:large, max-video-preview:-1\" \/>\n<link rel=\"canonical\" href=\"https:\/\/myvapeflavour.com\/vn\/about-us.html\" \/>\n<meta property=\"og:locale\" content=\"en_US\" \/>\n<meta property=\"og:type\" content=\"article\" \/>\n<meta property=\"og:title\" content=\"V\u1ec1 ch\u00fang t\u00f4i - Myvapeflavour.com - Reka Flavour Concentrates\" \/>\n<meta property=\"og:description\" content=\"\u0110\u01b0\u1ee3c th\u00e0nh l\u1eadp b\u1edfi t\u1ed5 ti\u00ean \u00dac c\u1ee7a ch\u00fang t\u00f4i t\u1eeb Sydney \u00dac, ch\u00fang t\u00f4i hi\u1ec7n \u0111\u00e3 tr\u1edf th\u00e0nh nh\u00e0 &hellip;\" \/>\n<meta property=\"og:url\" content=\"https:\/\/myvapeflavour.com\/vn\/about-us.html\" \/>\n<meta property=\"og:site_name\" content=\"Myvapeflavour.com - Reka Flavour Concentrates\" \/>\n<meta property=\"article:publisher\" content=\"https:\/\/www.facebook.com\/RekaFlavourConcentrates\" \/>\n<meta property=\"article:modified_time\" content=\"2023-07-28T03:37:37+00:00\" \/>\n<meta property=\"og:image\" content=\"https:\/\/myvapeflavour.com\/vn\/Media\/2023\/04\/lucky_draw_1701x1700px-1024x1024.png\" \/>\n<meta name=\"twitter:card\" content=\"summary_large_image\" \/>\n<meta name=\"twitter:label1\" content=\"Est. reading time\" \/>\n\t<meta name=\"twitter:data1\" content=\"3 minutes\" \/>\n<script type=\"application\/ld+json\" class=\"yoast-schema-graph\">{\"@context\":\"https:\/\/schema.org\",\"@graph\":[{\"@type\":\"WebPage\",\"@id\":\"https:\/\/myvapeflavour.com\/vn\/about-us.html\",\"url\":\"https:\/\/myvapeflavour.com\/vn\/about-us.html\",\"name\":\"V\u1ec1 ch\u00fang t\u00f4i - Myvapeflavour.com - Reka Flavour Concentrates\",\"isPartOf\":{\"@id\":\"https:\/\/myvapeflavour.com\/vn\/#website\"},\"datePublished\":\"2023-02-22T02:49:18+00:00\",\"dateModified\":\"2023-07-28T03:37:37+00:00\",\"breadcrumb\":{\"@id\":\"https:\/\/myvapeflavour.com\/vn\/about-us.html#breadcrumb\"},\"inLanguage\":\"en-US\",\"potentialAction\":[{\"@type\":\"ReadAction\",\"target\":[\"https:\/\/myvapeflavour.com\/vn\/about-us.html\"]}]},{\"@type\":\"BreadcrumbList\",\"@id\":\"https:\/\/myvapeflavour.com\/vn\/about-us.html#breadcrumb\",\"itemListElement\":[{\"@type\":\"ListItem\",\"position\":1,\"name\":\"Home\",\"item\":\"https:\/\/myvapeflavour.com\/vn\/\"},{\"@type\":\"ListItem\",\"position\":2,\"name\":\"V\u1ec1 ch\u00fang t\u00f4i\"}]},{\"@type\":\"WebSite\",\"@id\":\"https:\/\/myvapeflavour.com\/vn\/#website\",\"url\":\"https:\/\/myvapeflavour.com\/vn\/\",\"name\":\"Myvapeflavour.com - Reka Flavour Concentrates\",\"description\":\"Vape, Vape Juice, E-Juice Flavour Concentrates\",\"publisher\":{\"@id\":\"https:\/\/myvapeflavour.com\/vn\/#organization\"},\"potentialAction\":[{\"@type\":\"SearchAction\",\"target\":{\"@type\":\"EntryPoint\",\"urlTemplate\":\"https:\/\/myvapeflavour.com\/vn\/?s={search_term_string}\"},\"query-input\":\"required name=search_term_string\"}],\"inLanguage\":\"en-US\"},{\"@type\":\"Organization\",\"@id\":\"https:\/\/myvapeflavour.com\/vn\/#organization\",\"name\":\"Myvapeflavour.com - Reka Flavour Concentrates\",\"url\":\"https:\/\/myvapeflavour.com\/vn\/\",\"logo\":{\"@type\":\"ImageObject\",\"inLanguage\":\"en-US\",\"@id\":\"https:\/\/myvapeflavour.com\/vn\/#\/schema\/logo\/image\/\",\"url\":\"https:\/\/myvapeflavour.com\/vn\/Media\/2023\/05\/cropped-Reka-Flavour-Concentrate-Logo-240x60px.png\",\"contentUrl\":\"https:\/\/myvapeflavour.com\/vn\/Media\/2023\/05\/cropped-Reka-Flavour-Concentrate-Logo-240x60px.png\",\"width\":240,\"height\":60,\"caption\":\"Myvapeflavour.com - Reka Flavour Concentrates\"},\"image\":{\"@id\":\"https:\/\/myvapeflavour.com\/vn\/#\/schema\/logo\/image\/\"},\"sameAs\":[\"https:\/\/www.facebook.com\/RekaFlavourConcentrates\",\"https:\/\/www.tiktok.com\/@RekaFlavourConcentrates\"]}]}<\/script>\n<!-- \/ Yoast SEO plugin. -->","yoast_head_json":{"title":"V\u1ec1 ch\u00fang t\u00f4i - Myvapeflavour.com - Reka Flavour Concentrates","robots":{"index":"index","follow":"follow","max-snippet":"max-snippet:-1","max-image-preview":"max-image-preview:large","max-video-preview":"max-video-preview:-1"},"canonical":"https:\/\/myvapeflavour.com\/vn\/about-us.html","og_locale":"en_US","og_type":"article","og_title":"V\u1ec1 ch\u00fang t\u00f4i - Myvapeflavour.com - Reka Flavour Concentrates","og_description":"\u0110\u01b0\u1ee3c th\u00e0nh l\u1eadp b\u1edfi t\u1ed5 ti\u00ean \u00dac c\u1ee7a ch\u00fang t\u00f4i t\u1eeb Sydney \u00dac, ch\u00fang t\u00f4i hi\u1ec7n \u0111\u00e3 tr\u1edf th\u00e0nh nh\u00e0 &hellip;","og_url":"https:\/\/myvapeflavour.com\/vn\/about-us.html","og_site_name":"Myvapeflavour.com - Reka Flavour Concentrates","article_publisher":"https:\/\/www.facebook.com\/RekaFlavourConcentrates","article_modified_time":"2023-07-28T03:37:37+00:00","og_image":[{"url":"https:\/\/myvapeflavour.com\/vn\/Media\/2023\/04\/lucky_draw_1701x1700px-1024x1024.png"}],"twitter_card":"summary_large_image","twitter_misc":{"Est. reading time":"3 minutes"},"schema":{"@context":"https:\/\/schema.org","@graph":[{"@type":"WebPage","@id":"https:\/\/myvapeflavour.com\/vn\/about-us.html","url":"https:\/\/myvapeflavour.com\/vn\/about-us.html","name":"V\u1ec1 ch\u00fang t\u00f4i - Myvapeflavour.com - Reka Flavour Concentrates","isPartOf":{"@id":"https:\/\/myvapeflavour.com\/vn\/#website"},"datePublished":"2023-02-22T02:49:18+00:00","dateModified":"2023-07-28T03:37:37+00:00","breadcrumb":{"@id":"https:\/\/myvapeflavour.com\/vn\/about-us.html#breadcrumb"},"inLanguage":"en-US","potentialAction":[{"@type":"ReadAction","target":["https:\/\/myvapeflavour.com\/vn\/about-us.html"]}]},{"@type":"BreadcrumbList","@id":"https:\/\/myvapeflavour.com\/vn\/about-us.html#breadcrumb","itemListElement":[{"@type":"ListItem","position":1,"name":"Home","item":"https:\/\/myvapeflavour.com\/vn\/"},{"@type":"ListItem","position":2,"name":"V\u1ec1 ch\u00fang t\u00f4i"}]},{"@type":"WebSite","@id":"https:\/\/myvapeflavour.com\/vn\/#website","url":"https:\/\/myvapeflavour.com\/vn\/","name":"Myvapeflavour.com - Reka Flavour Concentrates","description":"Vape, Vape Juice, E-Juice Flavour Concentrates","publisher":{"@id":"https:\/\/myvapeflavour.com\/vn\/#organization"},"potentialAction":[{"@type":"SearchAction","target":{"@type":"EntryPoint","urlTemplate":"https:\/\/myvapeflavour.com\/vn\/?s={search_term_string}"},"query-input":"required name=search_term_string"}],"inLanguage":"en-US"},{"@type":"Organization","@id":"https:\/\/myvapeflavour.com\/vn\/#organization","name":"Myvapeflavour.com - Reka Flavour Concentrates","url":"https:\/\/myvapeflavour.com\/vn\/","logo":{"@type":"ImageObject","inLanguage":"en-US","@id":"https:\/\/myvapeflavour.com\/vn\/#\/schema\/logo\/image\/","url":"https:\/\/myvapeflavour.com\/vn\/Media\/2023\/05\/cropped-Reka-Flavour-Concentrate-Logo-240x60px.png","contentUrl":"https:\/\/myvapeflavour.com\/vn\/Media\/2023\/05\/cropped-Reka-Flavour-Concentrate-Logo-240x60px.png","width":240,"height":60,"caption":"Myvapeflavour.com - Reka Flavour Concentrates"},"image":{"@id":"https:\/\/myvapeflavour.com\/vn\/#\/schema\/logo\/image\/"},"sameAs":["https:\/\/www.facebook.com\/RekaFlavourConcentrates","https:\/\/www.tiktok.com\/@RekaFlavourConcentrates"]}]}},"_links":{"self":[{"href":"https:\/\/myvapeflavour.com\/vn\/wp-json\/wp\/v2\/pages\/12","targetHints":{"allow":["GET"]}}],"collection":[{"href":"https:\/\/myvapeflavour.com\/vn\/wp-json\/wp\/v2\/pages"}],"about":[{"href":"https:\/\/myvapeflavour.com\/vn\/wp-json\/wp\/v2\/types\/page"}],"author":[{"embeddable":true,"href":"https:\/\/myvapeflavour.com\/vn\/wp-json\/wp\/v2\/users\/1"}],"replies":[{"embeddable":true,"href":"https:\/\/myvapeflavour.com\/vn\/wp-json\/wp\/v2\/comments?post=12"}],"version-history":[{"count":5,"href":"https:\/\/myvapeflavour.com\/vn\/wp-json\/wp\/v2\/pages\/12\/revisions"}],"predecessor-version":[{"id":1094,"href":"https:\/\/myvapeflavour.com\/vn\/wp-json\/wp\/v2\/pages\/12\/revisions\/1094"}],"wp:attachment":[{"href":"https:\/\/myvapeflavour.com\/vn\/wp-json\/wp\/v2\/media?parent=12"}],"curies":[{"name":"wp","href":"https:\/\/api.w.org\/{rel}","templated":true}]}}