{"id":13,"date":"2023-02-22T02:49:18","date_gmt":"2023-02-22T02:49:18","guid":{"rendered":"https:\/\/powertisment.com\/?page_id=13"},"modified":"2023-08-10T10:50:36","modified_gmt":"2023-08-10T10:50:36","slug":"our-products","status":"publish","type":"page","link":"https:\/\/myvapeflavour.com\/vn\/our-products.html","title":{"rendered":"S\u1ea3n ph\u1ea9m c\u1ee7a ch\u00fang t\u00f4i"},"content":{"rendered":"\n<section id=\"flavourbox\">\n<div class=\"containerbox\">\n<h2 style=\"text-align: center;\">H\u01b0\u01a1ng v\u1ecb<\/h2>\n<p style=\"text-align: center;\">M\u1ed9t trong nh\u1eefng y\u1ebfu t\u1ed1 quan tr\u1ecdng \u0111\u1ec3 kh\u00e1ch h\u00e0ng ch\u1ea5p nh\u1eadn s\u1ea3n ph\u1ea9m th\u1ef1c ph\u1ea9m c\u1ee7a b\u1ea1n l\u00e0 h\u01b0\u01a1ng v\u1ecb \u0111\u1ed9c \u0111\u00e1o, n\u1ed5i b\u1eadt so v\u1edbi c\u00e1c \u0111\u1ed1i th\u1ee7 c\u1ea1nh tranh. H\u01b0\u01a1ng v\u1ecb g\u1ee3i l\u00ean c\u1ea3m x\u00fac v\u00e0 k\u00fd \u1ee9c v\u1ec1 v\u1ecb, m\u00f9i, c\u1ea3m gi\u00e1c trong mi\u1ec7ng v\u00e0 \u0111\u1eb7c bi\u1ec7t l\u00e0 h\u01b0\u01a1ng v\u1ecb ri\u00eang c\u1ee7a b\u1ea1n. B\u1eb1ng vi\u1ec7c h\u1ee3p t\u00e1c v\u1edbi nh\u00f3m chuy\u00ean gia h\u01b0\u01a1ng v\u1ecb v\u00e0 chuy\u00ean gia c\u00f4ng ngh\u1ec7 th\u1ef1c ph\u1ea9m c\u1ee7a ch\u00fang t\u00f4i, ch\u00fang t\u00f4i t\u1ea1o ra \u00fd t\u01b0\u1edfng v\u00e0 c\u00f4ng th\u1ee9c h\u01b0\u01a1ng v\u1ecb m\u1edbi. Nhi\u1ec7m v\u1ee5 c\u1ee7a ch\u00fang t\u00f4i l\u00e0 t\u00f9y ch\u1ec9nh t\u1eebng h\u01b0\u01a1ng v\u1ecb ph\u00f9 h\u1ee3p v\u1edbi v\u0103n h\u00f3a v\u00e0 m\u00f4i tr\u01b0\u1eddng \u0111\u1ecba ph\u01b0\u01a1ng c\u1ee7a b\u1ea1n. Nguy\u00ean t\u1eafc n\u00e0y \u0111\u1ea3m b\u1ea3o s\u1ef1 ph\u00f9 h\u1ee3p c\u1ee7a s\u1ea3n ph\u1ea9m v\u1edbi k\u1ef3 v\u1ecdng c\u1ee7a kh\u00e1ch h\u00e0ng v\u00e0 \u0111\u1ea3m b\u1ea3o s\u1ef1 th\u00e0nh c\u00f4ng ti\u1ebfp t\u1ee5c c\u1ee7a b\u1ea1n tr\u00ean th\u1ecb tr\u01b0\u1eddng.T\u1ea1i Reka Nutrition, ch\u00fang t\u00f4i c\u00f3 c\u00e1c lo\u1ea1i h\u01b0\u01a1ng v\u1ecb v\u00e0 h\u01b0\u01a1ng li\u1ec7u th\u1ef1c ph\u1ea9m ph\u00f9 h\u1ee3p v\u1edbi m\u1ecdi kh\u1ea9u v\u1ecb trong s\u1ea3n ph\u1ea9m s\u1eefa, \u0111\u1ed3 u\u1ed1ng, m\u1ee9t k\u1eb9o v\u00e0 m\u00f3n \u0103n m\u1eb7n. H\u01b0\u01a1ng v\u1ecb c\u1ee7a ch\u00fang t\u00f4i c\u00f3 d\u1ea1ng l\u1ecfng (h\u00f2a tan trong d\u1ea7u ho\u1eb7c n\u01b0\u1edbc), h\u1ed7n h\u1ee3p, d\u1ea1ng b\u1ed9t v\u00e0 d\u1ea1ng vi\u00ean n\u00e9n kh\u00f4. H\u01b0\u01a1ng v\u1ecb \u0111\u01b0\u1ee3c t\u1ea1o ra b\u1eb1ng c\u00e1ch s\u1eed d\u1ee5ng nh\u1eefng th\u00e0nh ph\u1ea7n t\u1ed1t nh\u1ea5t v\u00e0 c\u00f4ng ngh\u1ec7 ti\u00ean ti\u1ebfn nh\u1ea5t \u0111\u1ec3 \u0111\u1ea3m b\u1ea3o tu\u1ed5i th\u1ecd l\u00e2u h\u01a1n, hi\u1ec7u su\u1ea5t h\u01b0\u01a1ng v\u1ecb v\u00e0 \u1ed5n \u0111\u1ecbnh trong \u0111i\u1ec1u ki\u1ec7n c\u00f4ng nghi\u1ec7p kh\u1eafc nghi\u1ec7t nh\u1ea5t. C\u00e1c h\u01b0\u01a1ng v\u1ecb c\u1ee7a ch\u00fang t\u00f4i c\u0169ng \u0111\u01b0\u1ee3c ch\u1ee9ng nh\u1eadn Halal v\u00e0 \u0111\u00e1p \u1ee9ng ti\u00eau chu\u1ea9n ch\u1ea5t l\u01b0\u1ee3ng ISO: 9001:2000. N\u1ebfu b\u1ea1n quan t\u00e2m \u0111\u1ebfn b\u1ea5t k\u1ef3 h\u01b0\u01a1ng v\u1ecb n\u00e0o ho\u1eb7c c\u00f3 b\u1ea5t k\u1ef3 \u00fd t\u01b0\u1edfng m\u1edbi n\u00e0o, vui l\u00f2ng nh\u1ea5p v\u00e0o danh s\u00e1ch h\u01b0\u01a1ng v\u1ecb \u0111\u1ec3 g\u1eedi y\u00eau c\u1ea7u c\u1ee7a b\u1ea1n v\u00e0 \u0111\u1ea1i di\u1ec7n b\u00e1n h\u00e0ng c\u1ee7a ch\u00fang t\u00f4i s\u1ebd li\u00ean h\u1ec7 v\u1edbi b\u1ea1n trong th\u1eddi gian s\u1edbm nh\u1ea5t.<\/p>\n<ul id=\"da-thumbs\" class=\"da-thumbs\">\n<li class=\"fruits\">\n<div class=\"box01\">\n<figure><a href=\"https:\/\/myvapeflavour.com\/vn\/our-products\/fruits.html\"><img loading=\"lazy\" decoding=\"async\" class=\"alignnone size-full wp-image-671\" src=\"https:\/\/myvapeflavour.com\/vn\/Media\/2023\/04\/fl-fruits.png\" alt=\"\" width=\"280\" height=\"280\"><\/a><\/figure><p><\/p>\n<h2>Tr\u00e1i c\u00e2y<\/h2>\n<\/div>\n<\/li>\n<li class=\"bevarage\">\n<div class=\"box01\">\n<figure><a href=\"https:\/\/myvapeflavour.com\/vn\/our-products\/beverage.html\"><img loading=\"lazy\" decoding=\"async\" class=\"alignnone wp-image-672 size-full\" src=\"https:\/\/myvapeflavour.com\/vn\/Media\/2023\/04\/fl-beverage.png\" alt=\"\" width=\"280\" height=\"280\"><\/a><\/figure><p><\/p>\n<h2>\u0110\u1ed3 u\u1ed1ng<\/h2>\n<\/div>\n<\/li>\n<li class=\"confectionery\">\n<div class=\"box01\">\n<figure><a href=\"https:\/\/myvapeflavour.com\/vn\/our-products\/confectionary.html\"><img loading=\"lazy\" decoding=\"async\" class=\"alignnone wp-image-673 size-full\" src=\"https:\/\/myvapeflavour.com\/vn\/Media\/2023\/04\/fl-confectionery.png\" alt=\"\" width=\"280\" height=\"280\"><\/a><\/figure><p><\/p>\n<h2>B\u00e1nh k\u1eb9o<\/h2>\n<\/div>\n<\/li>\n<li class=\"ice-blend\">\n<div class=\"box01\">\n<figure><a href=\"https:\/\/myvapeflavour.com\/vn\/our-products\/ice-blended.html\"><img loading=\"lazy\" decoding=\"async\" class=\"alignnone wp-image-304 size-full\" src=\"https:\/\/myvapeflavour.com\/vn\/Media\/2023\/04\/fl-ice-blended.png\" alt=\"\" width=\"280\" height=\"280\"><\/a><\/figure><p><\/p>\n<h2>\u0110\u00e1 xay<\/h2>\n<\/div>\n<\/li>\n<li class=\"syrup\">\n<div class=\"box01\">\n<figure><a href=\"https:\/\/myvapeflavour.com\/vn\/our-products\/syrup.html\"><img loading=\"lazy\" decoding=\"async\" class=\"alignnone wp-image-303 size-full\" src=\"https:\/\/myvapeflavour.com\/vn\/Media\/2023\/04\/fl-syrup.png\" alt=\"\" width=\"280\" height=\"280\"><\/a><\/figure><p><\/p>\n<h2>Si r\u00f4<\/h2>\n<\/div>\n<\/li>\n<li class=\"coffee\">\n<div class=\"box01\">\n<figure><a href=\"https:\/\/myvapeflavour.com\/vn\/our-products\/coffee-tea.html\"><img loading=\"lazy\" decoding=\"async\" class=\"alignnone wp-image-674 size-full\" src=\"https:\/\/myvapeflavour.com\/vn\/Media\/2023\/04\/fl-coffee-tea.png\" alt=\"\" width=\"280\" height=\"280\"><\/a><\/figure><p><\/p>\n<h2>C\u00e0 ph\u00ea &amp; Tr\u00e0<\/h2>\n<\/div>\n<\/li>\n<li class=\"bakery\">\n<div class=\"box01\">\n<figure><a href=\"https:\/\/myvapeflavour.com\/vn\/our-products\/bakery-dessert.html\"><img loading=\"lazy\" decoding=\"async\" class=\"alignnone wp-image-675 size-full\" src=\"https:\/\/myvapeflavour.com\/vn\/Media\/2023\/04\/fl-bakery-dessert.png\" alt=\"\" width=\"280\" height=\"280\"><\/a><\/figure><p><\/p>\n<h2>B\u00e1nh &amp; Mi\u1ec7ng<\/h2>\n<\/div>\n<\/li>\n<li class=\"dairy\">\n<div class=\"box01\">\n<figure><a href=\"https:\/\/myvapeflavour.com\/vn\/our-products\/dairy.html\"><img loading=\"lazy\" decoding=\"async\" class=\"alignnone wp-image-676 size-full\" src=\"https:\/\/myvapeflavour.com\/vn\/Media\/2023\/04\/fl-dairy.png\" alt=\"\" width=\"280\" height=\"280\"><\/a><\/figure><p><\/p>\n<h2>S\u1eefa<\/h2>\n<\/div>\n<\/li>\n<li class=\"dried-fruits\">\n<div class=\"box01\">\n<figure><a href=\"https:\/\/myvapeflavour.com\/vn\/our-products\/dried-fruits-nuts.html\"><img loading=\"lazy\" decoding=\"async\" class=\"alignnone wp-image-677 size-full\" src=\"https:\/\/myvapeflavour.com\/vn\/Media\/2023\/04\/fl-nuts.png\" alt=\"\" width=\"280\" height=\"280\"><\/a><\/figure><p><\/p>\n<h2>H\u1ea1t tr\u00e1i c\u00e2y kh\u00f4<\/h2>\n<\/div>\n<\/li>\n<li class=\"herbs\">\n<div class=\"box01\">\n<figure><a href=\"https:\/\/myvapeflavour.com\/vn\/our-products\/herbs-spices.html\"><img loading=\"lazy\" decoding=\"async\" class=\"alignnone wp-image-678 size-full\" src=\"https:\/\/myvapeflavour.com\/vn\/Media\/2023\/04\/fl-herbs.png\" alt=\"\" width=\"280\" height=\"280\"><\/a><\/figure><p><\/p>\n<h2>Th\u1ea3o d\u01b0\u1ee3c Gia v\u1ecb<\/h2>\n<\/div>\n<\/li>\n<li class=\"alcohol\">\n<div class=\"box01\">\n<figure><a href=\"https:\/\/myvapeflavour.com\/vn\/our-products\/alcoholic-liquors.html\"><img loading=\"lazy\" decoding=\"async\" class=\"alignnone wp-image-305 size-full\" src=\"https:\/\/myvapeflavour.com\/vn\/Media\/2023\/04\/fl-alcohol.png\" alt=\"\" width=\"280\" height=\"280\"><\/a><\/figure><p><\/p>\n<h2>\u0110\u1ed3 u\u1ed1ng c\u00f3 c\u1ed3n<\/h2>\n<\/div>\n<\/li>\n<\/ul>\n<div class=\"clear\">&nbsp;<\/div>\n<\/div>\n<\/section>\n","protected":false},"excerpt":{"rendered":"<p>H\u01b0\u01a1ng v\u1ecb M\u1ed9t trong nh\u1eefng y\u1ebfu t\u1ed1 quan tr\u1ecdng \u0111\u1ec3 kh\u00e1ch h\u00e0ng ch\u1ea5p nh\u1eadn s\u1ea3n ph\u1ea9m th\u1ef1c ph\u1ea9m c\u1ee7a b\u1ea1n &hellip;<\/p>\n","protected":false},"author":1,"featured_media":0,"parent":0,"menu_order":0,"comment_status":"closed","ping_status":"closed","template":"templates\/full-width-page.php","meta":{"_themeisle_gutenberg_block_has_review":false,"footnotes":""},"class_list":["post-13","page","type-page","status-publish","hentry"],"yoast_head":"<!-- This site is optimized with the Yoast SEO plugin v20.9 - https:\/\/yoast.com\/wordpress\/plugins\/seo\/ -->\n<title>S\u1ea3n ph\u1ea9m c\u1ee7a ch\u00fang t\u00f4i - Myvapeflavour.com - Reka Flavour Concentrates<\/title>\n<meta name=\"robots\" content=\"index, follow, max-snippet:-1, max-image-preview:large, max-video-preview:-1\" \/>\n<link rel=\"canonical\" href=\"https:\/\/myvapeflavour.com\/vn\/our-products.html\" \/>\n<meta property=\"og:locale\" content=\"en_US\" \/>\n<meta property=\"og:type\" content=\"article\" \/>\n<meta property=\"og:title\" content=\"S\u1ea3n ph\u1ea9m c\u1ee7a ch\u00fang t\u00f4i - Myvapeflavour.com - Reka Flavour Concentrates\" \/>\n<meta property=\"og:description\" content=\"H\u01b0\u01a1ng v\u1ecb M\u1ed9t trong nh\u1eefng y\u1ebfu t\u1ed1 quan tr\u1ecdng \u0111\u1ec3 kh\u00e1ch h\u00e0ng ch\u1ea5p nh\u1eadn s\u1ea3n ph\u1ea9m th\u1ef1c ph\u1ea9m c\u1ee7a b\u1ea1n &hellip;\" \/>\n<meta property=\"og:url\" content=\"https:\/\/myvapeflavour.com\/vn\/our-products.html\" \/>\n<meta property=\"og:site_name\" content=\"Myvapeflavour.com - Reka Flavour Concentrates\" \/>\n<meta property=\"article:publisher\" content=\"https:\/\/www.facebook.com\/RekaFlavourConcentrates\" \/>\n<meta property=\"article:modified_time\" content=\"2023-08-10T10:50:36+00:00\" \/>\n<meta property=\"og:image\" content=\"https:\/\/myvapeflavour.com\/vn\/Media\/2023\/04\/fl-fruits.png\" \/>\n<meta name=\"twitter:card\" content=\"summary_large_image\" \/>\n<meta name=\"twitter:label1\" content=\"Est. reading time\" \/>\n\t<meta name=\"twitter:data1\" content=\"4 minutes\" \/>\n<script type=\"application\/ld+json\" class=\"yoast-schema-graph\">{\"@context\":\"https:\/\/schema.org\",\"@graph\":[{\"@type\":\"WebPage\",\"@id\":\"https:\/\/myvapeflavour.com\/vn\/our-products.html\",\"url\":\"https:\/\/myvapeflavour.com\/vn\/our-products.html\",\"name\":\"S\u1ea3n ph\u1ea9m c\u1ee7a ch\u00fang t\u00f4i - Myvapeflavour.com - Reka Flavour Concentrates\",\"isPartOf\":{\"@id\":\"https:\/\/myvapeflavour.com\/vn\/#website\"},\"datePublished\":\"2023-02-22T02:49:18+00:00\",\"dateModified\":\"2023-08-10T10:50:36+00:00\",\"breadcrumb\":{\"@id\":\"https:\/\/myvapeflavour.com\/vn\/our-products.html#breadcrumb\"},\"inLanguage\":\"en-US\",\"potentialAction\":[{\"@type\":\"ReadAction\",\"target\":[\"https:\/\/myvapeflavour.com\/vn\/our-products.html\"]}]},{\"@type\":\"BreadcrumbList\",\"@id\":\"https:\/\/myvapeflavour.com\/vn\/our-products.html#breadcrumb\",\"itemListElement\":[{\"@type\":\"ListItem\",\"position\":1,\"name\":\"Home\",\"item\":\"https:\/\/myvapeflavour.com\/vn\/\"},{\"@type\":\"ListItem\",\"position\":2,\"name\":\"S\u1ea3n ph\u1ea9m c\u1ee7a ch\u00fang t\u00f4i\"}]},{\"@type\":\"WebSite\",\"@id\":\"https:\/\/myvapeflavour.com\/vn\/#website\",\"url\":\"https:\/\/myvapeflavour.com\/vn\/\",\"name\":\"Myvapeflavour.com - Reka Flavour Concentrates\",\"description\":\"Vape, Vape Juice, E-Juice Flavour Concentrates\",\"publisher\":{\"@id\":\"https:\/\/myvapeflavour.com\/vn\/#organization\"},\"potentialAction\":[{\"@type\":\"SearchAction\",\"target\":{\"@type\":\"EntryPoint\",\"urlTemplate\":\"https:\/\/myvapeflavour.com\/vn\/?s={search_term_string}\"},\"query-input\":\"required name=search_term_string\"}],\"inLanguage\":\"en-US\"},{\"@type\":\"Organization\",\"@id\":\"https:\/\/myvapeflavour.com\/vn\/#organization\",\"name\":\"Myvapeflavour.com - Reka Flavour Concentrates\",\"url\":\"https:\/\/myvapeflavour.com\/vn\/\",\"logo\":{\"@type\":\"ImageObject\",\"inLanguage\":\"en-US\",\"@id\":\"https:\/\/myvapeflavour.com\/vn\/#\/schema\/logo\/image\/\",\"url\":\"https:\/\/myvapeflavour.com\/vn\/Media\/2023\/05\/cropped-Reka-Flavour-Concentrate-Logo-240x60px.png\",\"contentUrl\":\"https:\/\/myvapeflavour.com\/vn\/Media\/2023\/05\/cropped-Reka-Flavour-Concentrate-Logo-240x60px.png\",\"width\":240,\"height\":60,\"caption\":\"Myvapeflavour.com - Reka Flavour Concentrates\"},\"image\":{\"@id\":\"https:\/\/myvapeflavour.com\/vn\/#\/schema\/logo\/image\/\"},\"sameAs\":[\"https:\/\/www.facebook.com\/RekaFlavourConcentrates\",\"https:\/\/www.tiktok.com\/@RekaFlavourConcentrates\"]}]}<\/script>\n<!-- \/ Yoast SEO plugin. -->","yoast_head_json":{"title":"S\u1ea3n ph\u1ea9m c\u1ee7a ch\u00fang t\u00f4i - Myvapeflavour.com - Reka Flavour Concentrates","robots":{"index":"index","follow":"follow","max-snippet":"max-snippet:-1","max-image-preview":"max-image-preview:large","max-video-preview":"max-video-preview:-1"},"canonical":"https:\/\/myvapeflavour.com\/vn\/our-products.html","og_locale":"en_US","og_type":"article","og_title":"S\u1ea3n ph\u1ea9m c\u1ee7a ch\u00fang t\u00f4i - Myvapeflavour.com - Reka Flavour Concentrates","og_description":"H\u01b0\u01a1ng v\u1ecb M\u1ed9t trong nh\u1eefng y\u1ebfu t\u1ed1 quan tr\u1ecdng \u0111\u1ec3 kh\u00e1ch h\u00e0ng ch\u1ea5p nh\u1eadn s\u1ea3n ph\u1ea9m th\u1ef1c ph\u1ea9m c\u1ee7a b\u1ea1n &hellip;","og_url":"https:\/\/myvapeflavour.com\/vn\/our-products.html","og_site_name":"Myvapeflavour.com - Reka Flavour Concentrates","article_publisher":"https:\/\/www.facebook.com\/RekaFlavourConcentrates","article_modified_time":"2023-08-10T10:50:36+00:00","og_image":[{"url":"https:\/\/myvapeflavour.com\/vn\/Media\/2023\/04\/fl-fruits.png"}],"twitter_card":"summary_large_image","twitter_misc":{"Est. reading time":"4 minutes"},"schema":{"@context":"https:\/\/schema.org","@graph":[{"@type":"WebPage","@id":"https:\/\/myvapeflavour.com\/vn\/our-products.html","url":"https:\/\/myvapeflavour.com\/vn\/our-products.html","name":"S\u1ea3n ph\u1ea9m c\u1ee7a ch\u00fang t\u00f4i - Myvapeflavour.com - Reka Flavour Concentrates","isPartOf":{"@id":"https:\/\/myvapeflavour.com\/vn\/#website"},"datePublished":"2023-02-22T02:49:18+00:00","dateModified":"2023-08-10T10:50:36+00:00","breadcrumb":{"@id":"https:\/\/myvapeflavour.com\/vn\/our-products.html#breadcrumb"},"inLanguage":"en-US","potentialAction":[{"@type":"ReadAction","target":["https:\/\/myvapeflavour.com\/vn\/our-products.html"]}]},{"@type":"BreadcrumbList","@id":"https:\/\/myvapeflavour.com\/vn\/our-products.html#breadcrumb","itemListElement":[{"@type":"ListItem","position":1,"name":"Home","item":"https:\/\/myvapeflavour.com\/vn\/"},{"@type":"ListItem","position":2,"name":"S\u1ea3n ph\u1ea9m c\u1ee7a ch\u00fang t\u00f4i"}]},{"@type":"WebSite","@id":"https:\/\/myvapeflavour.com\/vn\/#website","url":"https:\/\/myvapeflavour.com\/vn\/","name":"Myvapeflavour.com - Reka Flavour Concentrates","description":"Vape, Vape Juice, E-Juice Flavour Concentrates","publisher":{"@id":"https:\/\/myvapeflavour.com\/vn\/#organization"},"potentialAction":[{"@type":"SearchAction","target":{"@type":"EntryPoint","urlTemplate":"https:\/\/myvapeflavour.com\/vn\/?s={search_term_string}"},"query-input":"required name=search_term_string"}],"inLanguage":"en-US"},{"@type":"Organization","@id":"https:\/\/myvapeflavour.com\/vn\/#organization","name":"Myvapeflavour.com - Reka Flavour Concentrates","url":"https:\/\/myvapeflavour.com\/vn\/","logo":{"@type":"ImageObject","inLanguage":"en-US","@id":"https:\/\/myvapeflavour.com\/vn\/#\/schema\/logo\/image\/","url":"https:\/\/myvapeflavour.com\/vn\/Media\/2023\/05\/cropped-Reka-Flavour-Concentrate-Logo-240x60px.png","contentUrl":"https:\/\/myvapeflavour.com\/vn\/Media\/2023\/05\/cropped-Reka-Flavour-Concentrate-Logo-240x60px.png","width":240,"height":60,"caption":"Myvapeflavour.com - Reka Flavour Concentrates"},"image":{"@id":"https:\/\/myvapeflavour.com\/vn\/#\/schema\/logo\/image\/"},"sameAs":["https:\/\/www.facebook.com\/RekaFlavourConcentrates","https:\/\/www.tiktok.com\/@RekaFlavourConcentrates"]}]}},"_links":{"self":[{"href":"https:\/\/myvapeflavour.com\/vn\/wp-json\/wp\/v2\/pages\/13","targetHints":{"allow":["GET"]}}],"collection":[{"href":"https:\/\/myvapeflavour.com\/vn\/wp-json\/wp\/v2\/pages"}],"about":[{"href":"https:\/\/myvapeflavour.com\/vn\/wp-json\/wp\/v2\/types\/page"}],"author":[{"embeddable":true,"href":"https:\/\/myvapeflavour.com\/vn\/wp-json\/wp\/v2\/users\/1"}],"replies":[{"embeddable":true,"href":"https:\/\/myvapeflavour.com\/vn\/wp-json\/wp\/v2\/comments?post=13"}],"version-history":[{"count":13,"href":"https:\/\/myvapeflavour.com\/vn\/wp-json\/wp\/v2\/pages\/13\/revisions"}],"predecessor-version":[{"id":1401,"href":"https:\/\/myvapeflavour.com\/vn\/wp-json\/wp\/v2\/pages\/13\/revisions\/1401"}],"wp:attachment":[{"href":"https:\/\/myvapeflavour.com\/vn\/wp-json\/wp\/v2\/media?parent=13"}],"curies":[{"name":"wp","href":"https:\/\/api.w.org\/{rel}","templated":true}]}}