{"id":26,"date":"2023-02-22T02:49:18","date_gmt":"2023-02-22T02:49:18","guid":{"rendered":"https:\/\/powertisment.com\/?page_id=26"},"modified":"2023-07-28T09:44:17","modified_gmt":"2023-07-28T09:44:17","slug":"latest-news-update","status":"publish","type":"page","link":"https:\/\/myvapeflavour.com\/vn\/latest-news-update.html","title":{"rendered":"Tin t\u1ee9c v\u00e0 C\u1eadp nh\u1eadt m\u1edbi nh\u1ea5t"},"content":{"rendered":"\n<h2 class=\"wp-block-heading has-text-align-center\">S\u1ea3n ph\u1ea9m m\u1edbi<\/h2>\n\n\n\n<p class=\"has-text-align-center\"><strong>TIN T\u1ed0T CHO KH\u00c1CH H\u00c0NG C\u1ee6A CH\u00daNG T\u00d4I!!!<\/strong><br><br>Ch\u00fang t\u00f4i \u0111\u00e3 t\u1ea1o ra m\u1ed9t danh s\u00e1ch \u0111\u1ed9c quy\u1ec1n c\u00e1c h\u01b0\u01a1ng li\u1ec7u c\u00f4 \u0111\u1eb7c \u0111\u01b0\u1ee3c thi\u1ebft k\u1ebf \u0111\u1eb7c bi\u1ec7t \u0111\u1ec3 ph\u00f9 h\u1ee3p v\u1edbi h\u1ec7 th\u1ed1ng POD vape &#8211; t\u1eeb nh\u1eefng th\u1ecfi vape pen POD c\u00f3 th\u1ec3 t\u00e1i n\u1ea1p kh\u00f3 nh\u1ea5t cho nh\u1eefng thi\u1ebft b\u1ecb POD t\u00e1i n\u1ea1p m\u1edf t\u1ef1 do. B\u1ea1n \u0111\u01b0\u1ee3c cam \u0111oan s\u1ebd c\u00f3 \u0111\u00e1m m\u00e2y h\u01a1i d\u00e0y \u0111\u1eb7c k\u1ebft h\u1ee3p v\u1edbi h\u01b0\u01a1ng v\u1ecb \u0111\u1eb7c tr\u01b0ng tuy\u1ec7t v\u1eddi v\u00e0 m\u1ea1nh m\u1ebd c\u1ee7a ch\u00fang t\u00f4i. C\u00e1c thi\u1ebft b\u1ecb POD si\u00eau di \u0111\u1ed9ng s\u1ebd kh\u00f4ng c\u00f2n b\u1ecb gi\u1edbi h\u1ea1n b\u1edfi c\u00e1c lo\u1ea1i e-liquid th\u00f4ng th\u01b0\u1eddng. <\/p>\n\n\n\n<p class=\"has-text-align-center\">H\u00e3y truy c\u1eadp trang Li\u00ean h\u1ec7 c\u1ee7a ch\u00fang t\u00f4i, nh\u1eadp ti\u00eau \u0111\u1ec1 [Y\u00eau c\u1ea7u h\u01b0\u01a1ng v\u1ecb POD] v\u00e0 g\u1eedi y\u00eau c\u1ea7u c\u1ee7a b\u1ea1n ngay b\u00e2y gi\u1edd.<\/p>\n\n\n\n<figure class=\"wp-block-gallery alignfull has-nested-images columns-default is-cropped ticss-243a2ba4 wp-block-gallery-1 is-layout-flex wp-block-gallery-is-layout-flex\">\n<figure class=\"wp-block-image size-full\"><img loading=\"lazy\" decoding=\"async\" width=\"1200\" height=\"837\" data-id=\"86\" src=\"https:\/\/myvapeflavour.com\/vn\/vn\/Media\/2023\/02\/vape-pod-ad.jpeg\" alt=\"\" class=\"wp-image-86\" srcset=\"https:\/\/myvapeflavour.com\/vn\/Media\/2023\/02\/vape-pod-ad.jpeg 1200w, https:\/\/myvapeflavour.com\/vn\/Media\/2023\/02\/vape-pod-ad-600x419.jpeg 600w, https:\/\/myvapeflavour.com\/vn\/Media\/2023\/02\/vape-pod-ad-300x209.jpeg 300w, https:\/\/myvapeflavour.com\/vn\/Media\/2023\/02\/vape-pod-ad-1024x714.jpeg 1024w, https:\/\/myvapeflavour.com\/vn\/Media\/2023\/02\/vape-pod-ad-768x536.jpeg 768w\" sizes=\"auto, (max-width: 1200px) 100vw, 1200px\" \/><\/figure>\n\n\n\n<figure class=\"wp-block-image size-full\"><img loading=\"lazy\" decoding=\"async\" width=\"1200\" height=\"837\" data-id=\"89\" src=\"https:\/\/myvapeflavour.com\/vn\/vn\/Media\/2023\/02\/CBD-Oil.jpeg\" alt=\"\" class=\"wp-image-89\" srcset=\"https:\/\/myvapeflavour.com\/vn\/Media\/2023\/02\/CBD-Oil.jpeg 1200w, https:\/\/myvapeflavour.com\/vn\/Media\/2023\/02\/CBD-Oil-600x419.jpeg 600w, https:\/\/myvapeflavour.com\/vn\/Media\/2023\/02\/CBD-Oil-300x209.jpeg 300w, https:\/\/myvapeflavour.com\/vn\/Media\/2023\/02\/CBD-Oil-1024x714.jpeg 1024w, https:\/\/myvapeflavour.com\/vn\/Media\/2023\/02\/CBD-Oil-768x536.jpeg 768w\" sizes=\"auto, (max-width: 1200px) 100vw, 1200px\" \/><\/figure>\n<\/figure>\n","protected":false},"excerpt":{"rendered":"<p>S\u1ea3n ph\u1ea9m m\u1edbi TIN T\u1ed0T CHO KH\u00c1CH H\u00c0NG C\u1ee6A CH\u00daNG T\u00d4I!!! Ch\u00fang t\u00f4i \u0111\u00e3 t\u1ea1o ra m\u1ed9t danh s\u00e1ch \u0111\u1ed9c &hellip;<\/p>\n","protected":false},"author":1,"featured_media":0,"parent":0,"menu_order":0,"comment_status":"closed","ping_status":"closed","template":"templates\/full-width-page.php","meta":{"_themeisle_gutenberg_block_has_review":false,"footnotes":""},"class_list":["post-26","page","type-page","status-publish","hentry"],"yoast_head":"<!-- This site is optimized with the Yoast SEO plugin v20.9 - https:\/\/yoast.com\/wordpress\/plugins\/seo\/ -->\n<title>Tin t\u1ee9c v\u00e0 C\u1eadp nh\u1eadt m\u1edbi nh\u1ea5t - Myvapeflavour.com - Reka Flavour Concentrates<\/title>\n<meta name=\"robots\" content=\"index, follow, max-snippet:-1, max-image-preview:large, max-video-preview:-1\" \/>\n<link rel=\"canonical\" href=\"https:\/\/myvapeflavour.com\/vn\/latest-news-update.html\" \/>\n<meta property=\"og:locale\" content=\"en_US\" \/>\n<meta property=\"og:type\" content=\"article\" \/>\n<meta property=\"og:title\" content=\"Tin t\u1ee9c v\u00e0 C\u1eadp nh\u1eadt m\u1edbi nh\u1ea5t - Myvapeflavour.com - Reka Flavour Concentrates\" \/>\n<meta property=\"og:description\" content=\"S\u1ea3n ph\u1ea9m m\u1edbi TIN T\u1ed0T CHO KH\u00c1CH H\u00c0NG C\u1ee6A CH\u00daNG T\u00d4I!!! Ch\u00fang t\u00f4i \u0111\u00e3 t\u1ea1o ra m\u1ed9t danh s\u00e1ch \u0111\u1ed9c &hellip;\" \/>\n<meta property=\"og:url\" content=\"https:\/\/myvapeflavour.com\/vn\/latest-news-update.html\" \/>\n<meta property=\"og:site_name\" content=\"Myvapeflavour.com - Reka Flavour Concentrates\" \/>\n<meta property=\"article:publisher\" content=\"https:\/\/www.facebook.com\/RekaFlavourConcentrates\" \/>\n<meta property=\"article:modified_time\" content=\"2023-07-28T09:44:17+00:00\" \/>\n<meta property=\"og:image\" content=\"https:\/\/myvapeflavour.com\/vn\/Media\/2023\/02\/vape-pod-ad.jpeg\" \/>\n<meta name=\"twitter:card\" content=\"summary_large_image\" \/>\n<meta name=\"twitter:label1\" content=\"Est. reading time\" \/>\n\t<meta name=\"twitter:data1\" content=\"1 minute\" \/>\n<script type=\"application\/ld+json\" class=\"yoast-schema-graph\">{\"@context\":\"https:\/\/schema.org\",\"@graph\":[{\"@type\":\"WebPage\",\"@id\":\"https:\/\/myvapeflavour.com\/vn\/latest-news-update.html\",\"url\":\"https:\/\/myvapeflavour.com\/vn\/latest-news-update.html\",\"name\":\"Tin t\u1ee9c v\u00e0 C\u1eadp nh\u1eadt m\u1edbi nh\u1ea5t - Myvapeflavour.com - Reka Flavour Concentrates\",\"isPartOf\":{\"@id\":\"https:\/\/myvapeflavour.com\/vn\/#website\"},\"datePublished\":\"2023-02-22T02:49:18+00:00\",\"dateModified\":\"2023-07-28T09:44:17+00:00\",\"breadcrumb\":{\"@id\":\"https:\/\/myvapeflavour.com\/vn\/latest-news-update.html#breadcrumb\"},\"inLanguage\":\"en-US\",\"potentialAction\":[{\"@type\":\"ReadAction\",\"target\":[\"https:\/\/myvapeflavour.com\/vn\/latest-news-update.html\"]}]},{\"@type\":\"BreadcrumbList\",\"@id\":\"https:\/\/myvapeflavour.com\/vn\/latest-news-update.html#breadcrumb\",\"itemListElement\":[{\"@type\":\"ListItem\",\"position\":1,\"name\":\"Home\",\"item\":\"https:\/\/myvapeflavour.com\/vn\/\"},{\"@type\":\"ListItem\",\"position\":2,\"name\":\"Tin t\u1ee9c v\u00e0 C\u1eadp nh\u1eadt m\u1edbi nh\u1ea5t\"}]},{\"@type\":\"WebSite\",\"@id\":\"https:\/\/myvapeflavour.com\/vn\/#website\",\"url\":\"https:\/\/myvapeflavour.com\/vn\/\",\"name\":\"Myvapeflavour.com - Reka Flavour Concentrates\",\"description\":\"Vape, Vape Juice, E-Juice Flavour Concentrates\",\"publisher\":{\"@id\":\"https:\/\/myvapeflavour.com\/vn\/#organization\"},\"potentialAction\":[{\"@type\":\"SearchAction\",\"target\":{\"@type\":\"EntryPoint\",\"urlTemplate\":\"https:\/\/myvapeflavour.com\/vn\/?s={search_term_string}\"},\"query-input\":\"required name=search_term_string\"}],\"inLanguage\":\"en-US\"},{\"@type\":\"Organization\",\"@id\":\"https:\/\/myvapeflavour.com\/vn\/#organization\",\"name\":\"Myvapeflavour.com - Reka Flavour Concentrates\",\"url\":\"https:\/\/myvapeflavour.com\/vn\/\",\"logo\":{\"@type\":\"ImageObject\",\"inLanguage\":\"en-US\",\"@id\":\"https:\/\/myvapeflavour.com\/vn\/#\/schema\/logo\/image\/\",\"url\":\"https:\/\/myvapeflavour.com\/vn\/Media\/2023\/05\/cropped-Reka-Flavour-Concentrate-Logo-240x60px.png\",\"contentUrl\":\"https:\/\/myvapeflavour.com\/vn\/Media\/2023\/05\/cropped-Reka-Flavour-Concentrate-Logo-240x60px.png\",\"width\":240,\"height\":60,\"caption\":\"Myvapeflavour.com - Reka Flavour Concentrates\"},\"image\":{\"@id\":\"https:\/\/myvapeflavour.com\/vn\/#\/schema\/logo\/image\/\"},\"sameAs\":[\"https:\/\/www.facebook.com\/RekaFlavourConcentrates\",\"https:\/\/www.tiktok.com\/@RekaFlavourConcentrates\"]}]}<\/script>\n<!-- \/ Yoast SEO plugin. -->","yoast_head_json":{"title":"Tin t\u1ee9c v\u00e0 C\u1eadp nh\u1eadt m\u1edbi nh\u1ea5t - Myvapeflavour.com - Reka Flavour Concentrates","robots":{"index":"index","follow":"follow","max-snippet":"max-snippet:-1","max-image-preview":"max-image-preview:large","max-video-preview":"max-video-preview:-1"},"canonical":"https:\/\/myvapeflavour.com\/vn\/latest-news-update.html","og_locale":"en_US","og_type":"article","og_title":"Tin t\u1ee9c v\u00e0 C\u1eadp nh\u1eadt m\u1edbi nh\u1ea5t - Myvapeflavour.com - Reka Flavour Concentrates","og_description":"S\u1ea3n ph\u1ea9m m\u1edbi TIN T\u1ed0T CHO KH\u00c1CH H\u00c0NG C\u1ee6A CH\u00daNG T\u00d4I!!! Ch\u00fang t\u00f4i \u0111\u00e3 t\u1ea1o ra m\u1ed9t danh s\u00e1ch \u0111\u1ed9c &hellip;","og_url":"https:\/\/myvapeflavour.com\/vn\/latest-news-update.html","og_site_name":"Myvapeflavour.com - Reka Flavour Concentrates","article_publisher":"https:\/\/www.facebook.com\/RekaFlavourConcentrates","article_modified_time":"2023-07-28T09:44:17+00:00","og_image":[{"url":"https:\/\/myvapeflavour.com\/vn\/Media\/2023\/02\/vape-pod-ad.jpeg"}],"twitter_card":"summary_large_image","twitter_misc":{"Est. reading time":"1 minute"},"schema":{"@context":"https:\/\/schema.org","@graph":[{"@type":"WebPage","@id":"https:\/\/myvapeflavour.com\/vn\/latest-news-update.html","url":"https:\/\/myvapeflavour.com\/vn\/latest-news-update.html","name":"Tin t\u1ee9c v\u00e0 C\u1eadp nh\u1eadt m\u1edbi nh\u1ea5t - Myvapeflavour.com - Reka Flavour Concentrates","isPartOf":{"@id":"https:\/\/myvapeflavour.com\/vn\/#website"},"datePublished":"2023-02-22T02:49:18+00:00","dateModified":"2023-07-28T09:44:17+00:00","breadcrumb":{"@id":"https:\/\/myvapeflavour.com\/vn\/latest-news-update.html#breadcrumb"},"inLanguage":"en-US","potentialAction":[{"@type":"ReadAction","target":["https:\/\/myvapeflavour.com\/vn\/latest-news-update.html"]}]},{"@type":"BreadcrumbList","@id":"https:\/\/myvapeflavour.com\/vn\/latest-news-update.html#breadcrumb","itemListElement":[{"@type":"ListItem","position":1,"name":"Home","item":"https:\/\/myvapeflavour.com\/vn\/"},{"@type":"ListItem","position":2,"name":"Tin t\u1ee9c v\u00e0 C\u1eadp nh\u1eadt m\u1edbi nh\u1ea5t"}]},{"@type":"WebSite","@id":"https:\/\/myvapeflavour.com\/vn\/#website","url":"https:\/\/myvapeflavour.com\/vn\/","name":"Myvapeflavour.com - Reka Flavour Concentrates","description":"Vape, Vape Juice, E-Juice Flavour Concentrates","publisher":{"@id":"https:\/\/myvapeflavour.com\/vn\/#organization"},"potentialAction":[{"@type":"SearchAction","target":{"@type":"EntryPoint","urlTemplate":"https:\/\/myvapeflavour.com\/vn\/?s={search_term_string}"},"query-input":"required name=search_term_string"}],"inLanguage":"en-US"},{"@type":"Organization","@id":"https:\/\/myvapeflavour.com\/vn\/#organization","name":"Myvapeflavour.com - Reka Flavour Concentrates","url":"https:\/\/myvapeflavour.com\/vn\/","logo":{"@type":"ImageObject","inLanguage":"en-US","@id":"https:\/\/myvapeflavour.com\/vn\/#\/schema\/logo\/image\/","url":"https:\/\/myvapeflavour.com\/vn\/Media\/2023\/05\/cropped-Reka-Flavour-Concentrate-Logo-240x60px.png","contentUrl":"https:\/\/myvapeflavour.com\/vn\/Media\/2023\/05\/cropped-Reka-Flavour-Concentrate-Logo-240x60px.png","width":240,"height":60,"caption":"Myvapeflavour.com - Reka Flavour Concentrates"},"image":{"@id":"https:\/\/myvapeflavour.com\/vn\/#\/schema\/logo\/image\/"},"sameAs":["https:\/\/www.facebook.com\/RekaFlavourConcentrates","https:\/\/www.tiktok.com\/@RekaFlavourConcentrates"]}]}},"_links":{"self":[{"href":"https:\/\/myvapeflavour.com\/vn\/wp-json\/wp\/v2\/pages\/26","targetHints":{"allow":["GET"]}}],"collection":[{"href":"https:\/\/myvapeflavour.com\/vn\/wp-json\/wp\/v2\/pages"}],"about":[{"href":"https:\/\/myvapeflavour.com\/vn\/wp-json\/wp\/v2\/types\/page"}],"author":[{"embeddable":true,"href":"https:\/\/myvapeflavour.com\/vn\/wp-json\/wp\/v2\/users\/1"}],"replies":[{"embeddable":true,"href":"https:\/\/myvapeflavour.com\/vn\/wp-json\/wp\/v2\/comments?post=26"}],"version-history":[{"count":5,"href":"https:\/\/myvapeflavour.com\/vn\/wp-json\/wp\/v2\/pages\/26\/revisions"}],"predecessor-version":[{"id":1292,"href":"https:\/\/myvapeflavour.com\/vn\/wp-json\/wp\/v2\/pages\/26\/revisions\/1292"}],"wp:attachment":[{"href":"https:\/\/myvapeflavour.com\/vn\/wp-json\/wp\/v2\/media?parent=26"}],"curies":[{"name":"wp","href":"https:\/\/api.w.org\/{rel}","templated":true}]}}