{"id":27,"date":"2023-02-22T02:49:18","date_gmt":"2023-02-22T02:49:18","guid":{"rendered":"https:\/\/powertisment.com\/?page_id=27"},"modified":"2023-07-28T05:24:16","modified_gmt":"2023-07-28T05:24:16","slug":"latest-news","status":"publish","type":"page","link":"https:\/\/myvapeflavour.com\/vn\/latest-news.html","title":{"rendered":"Tin t\u1ee9c m\u1edbi nh\u1ea5t."},"content":{"rendered":"\n<div class=\"wp-block-query is-layout-flow wp-block-query-is-layout-flow\"><ul class=\"wp-block-post-template is-layout-flow wp-block-post-template-is-layout-flow\"><li class=\"wp-block-post post-1066 post type-post status-publish format-standard has-post-thumbnail hentry category-latest-news tag-featured\">\n\n<div class=\"wp-block-columns alignwide is-layout-flex wp-container-core-columns-is-layout-9d6595d7 wp-block-columns-is-layout-flex\">\n<div class=\"wp-block-column is-layout-flow wp-block-column-is-layout-flow\" style=\"flex-basis:66.66%\"><figure class=\"wp-block-post-featured-image\"><a href=\"https:\/\/myvapeflavour.com\/vn\/2023\/07\/25\/reka-flavour-ignites-the-korea-vape-show-2023\/\" target=\"_self\"  ><img loading=\"lazy\" decoding=\"async\" width=\"1280\" height=\"853\" src=\"https:\/\/myvapeflavour.com\/vn\/Media\/2023\/07\/230723-Day03-Reka-Team-edited.jpeg\" class=\"attachment-post-thumbnail size-post-thumbnail wp-post-image\" alt=\"REKA Flavour ch\u00e2m ng\u00f2i cho Tri\u1ec3n l\u00e3m Vape H\u00e0n Qu\u1ed1c 2023\" style=\"object-fit:cover;\" srcset=\"https:\/\/myvapeflavour.com\/vn\/Media\/2023\/07\/230723-Day03-Reka-Team-edited.jpeg 1280w, https:\/\/myvapeflavour.com\/vn\/Media\/2023\/07\/230723-Day03-Reka-Team-edited-300x200.jpeg 300w, https:\/\/myvapeflavour.com\/vn\/Media\/2023\/07\/230723-Day03-Reka-Team-edited-1024x682.jpeg 1024w, https:\/\/myvapeflavour.com\/vn\/Media\/2023\/07\/230723-Day03-Reka-Team-edited-768x512.jpeg 768w, https:\/\/myvapeflavour.com\/vn\/Media\/2023\/07\/230723-Day03-Reka-Team-edited-360x240.jpeg 360w, https:\/\/myvapeflavour.com\/vn\/Media\/2023\/07\/230723-Day03-Reka-Team-edited-600x400.jpeg 600w\" sizes=\"auto, (max-width: 1280px) 100vw, 1280px\" \/><\/a><\/figure><\/div>\n\n\n\n<div class=\"wp-block-column is-layout-flow wp-block-column-is-layout-flow\" style=\"flex-basis:33.33%\"><h2 class=\"wp-block-post-title\"><a href=\"https:\/\/myvapeflavour.com\/vn\/2023\/07\/25\/reka-flavour-ignites-the-korea-vape-show-2023\/\" target=\"_self\" >REKA Flavour ch\u00e2m ng\u00f2i cho Tri\u1ec3n l\u00e3m Vape H\u00e0n Qu\u1ed1c 2023<\/a><\/h2>\n\n<div class=\"wp-block-post-excerpt\"><p class=\"wp-block-post-excerpt__excerpt\">\u0110\u1ecba \u0111i\u1ec3m: Trung t\u00e2m tri\u1ec3n l\u00e3m KINTEX EXHIBITION II, SEOUL, H\u00c0N QU\u1ed0C Ng\u00e0y: 21 TH\u00c1NG 7 N\u0102M 2023 (TH\u1ee8 S\u00c1U) &#8211; 23 TH\u00c1NG 7 N\u0102M 2023 (CH\u1ee6 NH\u1eacT) Gian h\u00e0ng: G05 <\/p><\/div><\/div>\n<\/div>\n\n<\/li><li class=\"wp-block-post post-849 post type-post status-publish format-standard has-post-thumbnail hentry category-latest-news tag-featured\">\n\n<div class=\"wp-block-columns alignwide is-layout-flex wp-container-core-columns-is-layout-9d6595d7 wp-block-columns-is-layout-flex\">\n<div class=\"wp-block-column is-layout-flow wp-block-column-is-layout-flow\" style=\"flex-basis:66.66%\"><figure class=\"wp-block-post-featured-image\"><a href=\"https:\/\/myvapeflavour.com\/vn\/2023\/06\/20\/reka-flavours-inspiring-journey-at-egypt-vape-expo-2023\/\" target=\"_self\"  ><img loading=\"lazy\" decoding=\"async\" width=\"1280\" height=\"960\" src=\"https:\/\/myvapeflavour.com\/vn\/Media\/2023\/06\/EgyptVape_0.jpg\" class=\"attachment-post-thumbnail size-post-thumbnail wp-post-image\" alt=\"H\u00e0nh tr\u00ecnh \u0111\u1ea7y c\u1ea3m h\u1ee9ng c\u1ee7a Reka Flavour t\u1ea1i Tri\u1ec3n l\u00e3m Vape Ai C\u1eadp 2023\" style=\"object-fit:cover;\" srcset=\"https:\/\/myvapeflavour.com\/vn\/Media\/2023\/06\/EgyptVape_0.jpg 1280w, https:\/\/myvapeflavour.com\/vn\/Media\/2023\/06\/EgyptVape_0-300x225.jpg 300w, https:\/\/myvapeflavour.com\/vn\/Media\/2023\/06\/EgyptVape_0-1024x768.jpg 1024w, https:\/\/myvapeflavour.com\/vn\/Media\/2023\/06\/EgyptVape_0-768x576.jpg 768w, https:\/\/myvapeflavour.com\/vn\/Media\/2023\/06\/EgyptVape_0-600x450.jpg 600w\" sizes=\"auto, (max-width: 1280px) 100vw, 1280px\" \/><\/a><\/figure><\/div>\n\n\n\n<div class=\"wp-block-column is-layout-flow wp-block-column-is-layout-flow\" style=\"flex-basis:33.33%\"><h2 class=\"wp-block-post-title\"><a href=\"https:\/\/myvapeflavour.com\/vn\/2023\/06\/20\/reka-flavours-inspiring-journey-at-egypt-vape-expo-2023\/\" target=\"_self\" >H\u00e0nh tr\u00ecnh \u0111\u1ea7y c\u1ea3m h\u1ee9ng c\u1ee7a Reka Flavour t\u1ea1i Tri\u1ec3n l\u00e3m Vape Ai C\u1eadp 2023<\/a><\/h2>\n\n<div class=\"wp-block-post-excerpt\"><p class=\"wp-block-post-excerpt__excerpt\">\u0110\u1ecba \u0111i\u1ec3m: Trung t\u00e2m h\u1ed9i ngh\u1ecb qu\u1ed1c t\u1ebf Cairo (Cairo International Conference Centre) Ng\u00e0y di\u1ec5n ra: T\u1eeb ng\u00e0y 4\/5\/2023 (Th\u1ee9 N\u0103m) \u0111\u1ebfn ng\u00e0y 6\/5\/2023 (Th\u1ee9 B\u1ea3y) Gian h\u00e0ng: 4L15 <\/p><\/div><\/div>\n<\/div>\n\n<\/li><li class=\"wp-block-post post-837 post type-post status-publish format-standard has-post-thumbnail hentry category-latest-news tag-featured\">\n\n<div class=\"wp-block-columns alignwide is-layout-flex wp-container-core-columns-is-layout-9d6595d7 wp-block-columns-is-layout-flex\">\n<div class=\"wp-block-column is-layout-flow wp-block-column-is-layout-flow\" style=\"flex-basis:66.66%\"><figure class=\"wp-block-post-featured-image\"><a href=\"https:\/\/myvapeflavour.com\/vn\/2023\/06\/20\/reka-flavours-triumph-at-the-hall-of-vape-2023\/\" target=\"_self\"  ><img loading=\"lazy\" decoding=\"async\" width=\"2560\" height=\"1909\" src=\"https:\/\/myvapeflavour.com\/vn\/Media\/2023\/06\/HallVape_01-scaled.jpg\" class=\"attachment-post-thumbnail size-post-thumbnail wp-post-image\" alt=\"Th\u1eafng l\u1ee3i c\u1ee7a Reka Flavour t\u1ea1i H\u1ed9i ch\u1ee3 THE HALL OF VAPE 2023.\" style=\"object-fit:cover;\" srcset=\"https:\/\/myvapeflavour.com\/vn\/Media\/2023\/06\/HallVape_01-scaled.jpg 2560w, https:\/\/myvapeflavour.com\/vn\/Media\/2023\/06\/HallVape_01-300x224.jpg 300w, https:\/\/myvapeflavour.com\/vn\/Media\/2023\/06\/HallVape_01-1024x764.jpg 1024w, https:\/\/myvapeflavour.com\/vn\/Media\/2023\/06\/HallVape_01-768x573.jpg 768w, https:\/\/myvapeflavour.com\/vn\/Media\/2023\/06\/HallVape_01-1536x1145.jpg 1536w, https:\/\/myvapeflavour.com\/vn\/Media\/2023\/06\/HallVape_01-2048x1527.jpg 2048w, https:\/\/myvapeflavour.com\/vn\/Media\/2023\/06\/HallVape_01-600x447.jpg 600w\" sizes=\"auto, (max-width: 2560px) 100vw, 2560px\" \/><\/a><\/figure><\/div>\n\n\n\n<div class=\"wp-block-column is-layout-flow wp-block-column-is-layout-flow\" style=\"flex-basis:33.33%\"><h2 class=\"wp-block-post-title\"><a href=\"https:\/\/myvapeflavour.com\/vn\/2023\/06\/20\/reka-flavours-triumph-at-the-hall-of-vape-2023\/\" target=\"_self\" >Th\u1eafng l\u1ee3i c\u1ee7a Reka Flavour t\u1ea1i H\u1ed9i ch\u1ee3 THE HALL OF VAPE 2023.<\/a><\/h2>\n\n<div class=\"wp-block-post-excerpt\"><p class=\"wp-block-post-excerpt__excerpt\">\u0110\u1ecba \u0111i\u1ec3m: H\u1ed9i ch\u1ee3 MESSE STUTTGART, \u0110\u1ee8C (Germany) Ng\u00e0y di\u1ec5n ra: T\u1eeb ng\u00e0y 6\/5\/2023 (Th\u1ee9 B\u1ea3y) \u0111\u1ebfn ng\u00e0y 7\/5\/2023 (Ch\u1ee7 Nh\u1eadt) Gian h\u00e0ng: C02 <\/p><\/div><\/div>\n<\/div>\n\n<\/li><\/ul>\n\n<nav class=\"wp-block-query-pagination is-content-justification-center is-layout-flex wp-container-core-query-pagination-is-layout-16018d1d wp-block-query-pagination-is-layout-flex\" aria-label=\"Pagination\">\n\n\n<div class=\"wp-block-query-pagination-numbers\"><span aria-current=\"page\" class=\"page-numbers current\">1<\/span>\n<a class=\"page-numbers\" href=\"?query-79-page=2\">2<\/a><\/div>\n\n<a href=\"\/vn\/wp-json\/wp\/v2\/pages\/27?query-79-page=2\" class=\"wp-block-query-pagination-next\">Next Page<\/a>\n<\/nav><\/div>\n","protected":false},"excerpt":{"rendered":"","protected":false},"author":1,"featured_media":0,"parent":0,"menu_order":0,"comment_status":"closed","ping_status":"closed","template":"templates\/full-width-page.php","meta":{"_themeisle_gutenberg_block_has_review":false,"footnotes":""},"class_list":["post-27","page","type-page","status-publish","hentry"],"yoast_head":"<!-- This site is optimized with the Yoast SEO plugin v20.9 - https:\/\/yoast.com\/wordpress\/plugins\/seo\/ -->\n<title>Tin t\u1ee9c m\u1edbi nh\u1ea5t. - Myvapeflavour.com - Reka Flavour Concentrates<\/title>\n<meta name=\"robots\" content=\"index, follow, max-snippet:-1, max-image-preview:large, max-video-preview:-1\" \/>\n<link rel=\"canonical\" href=\"https:\/\/myvapeflavour.com\/vn\/latest-news.html\" \/>\n<meta property=\"og:locale\" content=\"en_US\" \/>\n<meta property=\"og:type\" content=\"article\" \/>\n<meta property=\"og:title\" content=\"Tin t\u1ee9c m\u1edbi nh\u1ea5t. - Myvapeflavour.com - Reka Flavour Concentrates\" \/>\n<meta property=\"og:url\" content=\"https:\/\/myvapeflavour.com\/vn\/latest-news.html\" \/>\n<meta property=\"og:site_name\" content=\"Myvapeflavour.com - Reka Flavour Concentrates\" \/>\n<meta property=\"article:publisher\" content=\"https:\/\/www.facebook.com\/RekaFlavourConcentrates\" \/>\n<meta property=\"article:modified_time\" content=\"2023-07-28T05:24:16+00:00\" \/>\n<meta name=\"twitter:card\" content=\"summary_large_image\" \/>\n<script type=\"application\/ld+json\" class=\"yoast-schema-graph\">{\"@context\":\"https:\/\/schema.org\",\"@graph\":[{\"@type\":\"WebPage\",\"@id\":\"https:\/\/myvapeflavour.com\/vn\/latest-news.html\",\"url\":\"https:\/\/myvapeflavour.com\/vn\/latest-news.html\",\"name\":\"Tin t\u1ee9c m\u1edbi nh\u1ea5t. - Myvapeflavour.com - Reka Flavour Concentrates\",\"isPartOf\":{\"@id\":\"https:\/\/myvapeflavour.com\/vn\/#website\"},\"datePublished\":\"2023-02-22T02:49:18+00:00\",\"dateModified\":\"2023-07-28T05:24:16+00:00\",\"breadcrumb\":{\"@id\":\"https:\/\/myvapeflavour.com\/vn\/latest-news.html#breadcrumb\"},\"inLanguage\":\"en-US\",\"potentialAction\":[{\"@type\":\"ReadAction\",\"target\":[\"https:\/\/myvapeflavour.com\/vn\/latest-news.html\"]}]},{\"@type\":\"BreadcrumbList\",\"@id\":\"https:\/\/myvapeflavour.com\/vn\/latest-news.html#breadcrumb\",\"itemListElement\":[{\"@type\":\"ListItem\",\"position\":1,\"name\":\"Home\",\"item\":\"https:\/\/myvapeflavour.com\/vn\/\"},{\"@type\":\"ListItem\",\"position\":2,\"name\":\"Tin t\u1ee9c m\u1edbi nh\u1ea5t.\"}]},{\"@type\":\"WebSite\",\"@id\":\"https:\/\/myvapeflavour.com\/vn\/#website\",\"url\":\"https:\/\/myvapeflavour.com\/vn\/\",\"name\":\"Myvapeflavour.com - Reka Flavour Concentrates\",\"description\":\"Vape, Vape Juice, E-Juice Flavour Concentrates\",\"publisher\":{\"@id\":\"https:\/\/myvapeflavour.com\/vn\/#organization\"},\"potentialAction\":[{\"@type\":\"SearchAction\",\"target\":{\"@type\":\"EntryPoint\",\"urlTemplate\":\"https:\/\/myvapeflavour.com\/vn\/?s={search_term_string}\"},\"query-input\":\"required name=search_term_string\"}],\"inLanguage\":\"en-US\"},{\"@type\":\"Organization\",\"@id\":\"https:\/\/myvapeflavour.com\/vn\/#organization\",\"name\":\"Myvapeflavour.com - Reka Flavour Concentrates\",\"url\":\"https:\/\/myvapeflavour.com\/vn\/\",\"logo\":{\"@type\":\"ImageObject\",\"inLanguage\":\"en-US\",\"@id\":\"https:\/\/myvapeflavour.com\/vn\/#\/schema\/logo\/image\/\",\"url\":\"https:\/\/myvapeflavour.com\/vn\/Media\/2023\/05\/cropped-Reka-Flavour-Concentrate-Logo-240x60px.png\",\"contentUrl\":\"https:\/\/myvapeflavour.com\/vn\/Media\/2023\/05\/cropped-Reka-Flavour-Concentrate-Logo-240x60px.png\",\"width\":240,\"height\":60,\"caption\":\"Myvapeflavour.com - Reka Flavour Concentrates\"},\"image\":{\"@id\":\"https:\/\/myvapeflavour.com\/vn\/#\/schema\/logo\/image\/\"},\"sameAs\":[\"https:\/\/www.facebook.com\/RekaFlavourConcentrates\",\"https:\/\/www.tiktok.com\/@RekaFlavourConcentrates\"]}]}<\/script>\n<!-- \/ Yoast SEO plugin. -->","yoast_head_json":{"title":"Tin t\u1ee9c m\u1edbi nh\u1ea5t. - Myvapeflavour.com - Reka Flavour Concentrates","robots":{"index":"index","follow":"follow","max-snippet":"max-snippet:-1","max-image-preview":"max-image-preview:large","max-video-preview":"max-video-preview:-1"},"canonical":"https:\/\/myvapeflavour.com\/vn\/latest-news.html","og_locale":"en_US","og_type":"article","og_title":"Tin t\u1ee9c m\u1edbi nh\u1ea5t. - Myvapeflavour.com - Reka Flavour Concentrates","og_url":"https:\/\/myvapeflavour.com\/vn\/latest-news.html","og_site_name":"Myvapeflavour.com - Reka Flavour Concentrates","article_publisher":"https:\/\/www.facebook.com\/RekaFlavourConcentrates","article_modified_time":"2023-07-28T05:24:16+00:00","twitter_card":"summary_large_image","schema":{"@context":"https:\/\/schema.org","@graph":[{"@type":"WebPage","@id":"https:\/\/myvapeflavour.com\/vn\/latest-news.html","url":"https:\/\/myvapeflavour.com\/vn\/latest-news.html","name":"Tin t\u1ee9c m\u1edbi nh\u1ea5t. - Myvapeflavour.com - Reka Flavour Concentrates","isPartOf":{"@id":"https:\/\/myvapeflavour.com\/vn\/#website"},"datePublished":"2023-02-22T02:49:18+00:00","dateModified":"2023-07-28T05:24:16+00:00","breadcrumb":{"@id":"https:\/\/myvapeflavour.com\/vn\/latest-news.html#breadcrumb"},"inLanguage":"en-US","potentialAction":[{"@type":"ReadAction","target":["https:\/\/myvapeflavour.com\/vn\/latest-news.html"]}]},{"@type":"BreadcrumbList","@id":"https:\/\/myvapeflavour.com\/vn\/latest-news.html#breadcrumb","itemListElement":[{"@type":"ListItem","position":1,"name":"Home","item":"https:\/\/myvapeflavour.com\/vn\/"},{"@type":"ListItem","position":2,"name":"Tin t\u1ee9c m\u1edbi nh\u1ea5t."}]},{"@type":"WebSite","@id":"https:\/\/myvapeflavour.com\/vn\/#website","url":"https:\/\/myvapeflavour.com\/vn\/","name":"Myvapeflavour.com - Reka Flavour Concentrates","description":"Vape, Vape Juice, E-Juice Flavour Concentrates","publisher":{"@id":"https:\/\/myvapeflavour.com\/vn\/#organization"},"potentialAction":[{"@type":"SearchAction","target":{"@type":"EntryPoint","urlTemplate":"https:\/\/myvapeflavour.com\/vn\/?s={search_term_string}"},"query-input":"required name=search_term_string"}],"inLanguage":"en-US"},{"@type":"Organization","@id":"https:\/\/myvapeflavour.com\/vn\/#organization","name":"Myvapeflavour.com - Reka Flavour Concentrates","url":"https:\/\/myvapeflavour.com\/vn\/","logo":{"@type":"ImageObject","inLanguage":"en-US","@id":"https:\/\/myvapeflavour.com\/vn\/#\/schema\/logo\/image\/","url":"https:\/\/myvapeflavour.com\/vn\/Media\/2023\/05\/cropped-Reka-Flavour-Concentrate-Logo-240x60px.png","contentUrl":"https:\/\/myvapeflavour.com\/vn\/Media\/2023\/05\/cropped-Reka-Flavour-Concentrate-Logo-240x60px.png","width":240,"height":60,"caption":"Myvapeflavour.com - Reka Flavour Concentrates"},"image":{"@id":"https:\/\/myvapeflavour.com\/vn\/#\/schema\/logo\/image\/"},"sameAs":["https:\/\/www.facebook.com\/RekaFlavourConcentrates","https:\/\/www.tiktok.com\/@RekaFlavourConcentrates"]}]}},"_links":{"self":[{"href":"https:\/\/myvapeflavour.com\/vn\/wp-json\/wp\/v2\/pages\/27","targetHints":{"allow":["GET"]}}],"collection":[{"href":"https:\/\/myvapeflavour.com\/vn\/wp-json\/wp\/v2\/pages"}],"about":[{"href":"https:\/\/myvapeflavour.com\/vn\/wp-json\/wp\/v2\/types\/page"}],"author":[{"embeddable":true,"href":"https:\/\/myvapeflavour.com\/vn\/wp-json\/wp\/v2\/users\/1"}],"replies":[{"embeddable":true,"href":"https:\/\/myvapeflavour.com\/vn\/wp-json\/wp\/v2\/comments?post=27"}],"version-history":[{"count":18,"href":"https:\/\/myvapeflavour.com\/vn\/wp-json\/wp\/v2\/pages\/27\/revisions"}],"predecessor-version":[{"id":1243,"href":"https:\/\/myvapeflavour.com\/vn\/wp-json\/wp\/v2\/pages\/27\/revisions\/1243"}],"wp:attachment":[{"href":"https:\/\/myvapeflavour.com\/vn\/wp-json\/wp\/v2\/media?parent=27"}],"curies":[{"name":"wp","href":"https:\/\/api.w.org\/{rel}","templated":true}]}}