{"id":28,"date":"2023-02-22T02:49:18","date_gmt":"2023-02-22T02:49:18","guid":{"rendered":"https:\/\/powertisment.com\/?page_id=28"},"modified":"2023-07-28T05:22:25","modified_gmt":"2023-07-28T05:22:25","slug":"happening","status":"publish","type":"page","link":"https:\/\/myvapeflavour.com\/vn\/happening.html","title":{"rendered":"S\u1ef1 ki\u1ec7n"},"content":{"rendered":"\n<p>G\u1ea7n \u0111\u00e2y, s\u1ef1 b\u00f9ng n\u1ed5 c\u1ee7a CBD v\u00e0 C\u00e2y c\u1ecf Gai \u0111\u00e3 d\u1eabn \u0111\u1ebfn s\u1ef1 lan r\u1ed9ng c\u1ee7a nhi\u1ec1u s\u1ea3n ph\u1ea9m m\u1edbi tr\u00ean th\u1ecb tr\u01b0\u1eddng. Ch\u00fang c\u00f3 th\u1ec3 \u0111\u01b0\u1ee3c chia th\u00e0nh 3 danh m\u1ee5c ch\u00ednh cho:<br><br>1) H\u00edt th\u1edf &#8211; Ch\u1ea5t l\u1ecfng Vape eCig; Thi\u1ebft b\u1ecb Miniature POD ho\u1eb7c Pen.<br>2) Ti\u00eau th\u1ee5 &#8211; \u200eTinctures (xem h\u00ecnh \u1ea3nh b\u00ean d\u01b0\u1edbi); \u0110\u1ed3 u\u1ed1ng c\u00f3 chi\u1ebft xu\u1ea5t; M\u1eadt ong c\u00f3 chi\u1ebft xu\u1ea5t k\u1ebft h\u1ee3p v\u1edbi c\u00e1c lo\u1ea1i b\u1ed5 sung kh\u00e1c; Th\u1ee9c u\u1ed1ng b\u1ed5 sung Protein Powder; B\u1ed5 sung l\u00e0m \u0111\u1eb9p v\u00e0 s\u1ee9c kh\u1ecfe.<br>3) Ch\u0103m s\u00f3c c\u00e1 nh\u00e2n &#8211; M\u1ef9 ph\u1ea9m, D\u1ea7u xoa b\u00f3p, S\u1eefa d\u01b0\u1ee1ng da, Kem v\u00e0 D\u1ea7u g\u1ed9i &amp; D\u1ea7u x\u1ea3 t\u00f3c, S\u1eefa t\u1eafm, v.v.<\/p>\n\n\n\n<p>Trong khi c\u00e1c nh\u00e0 s\u1ea3n xu\u1ea5t \u0111ang nhanh ch\u00f3ng cung c\u1ea5p c\u00e1c s\u1ea3n ph\u1ea9m m\u1edbi, m\u1ed9t v\u1ea5n \u0111\u1ec1 ph\u1ed5 bi\u1ebfn xoay quanh nh\u1eefng s\u1ea3n ph\u1ea9m m\u1edbi n\u00e0y l\u00e0 thi\u1ebfu s\u1ef1 tinh t\u1ebf do h\u01b0\u01a1ng th\u01a1m kh\u00f4ng mong mu\u1ed1n c\u1ee7a nguy\u00ean li\u1ec7u C\u00e2y c\u1ecf Gai v\u00e0 d\u1ea7u CBD. Ng\u01b0\u1eddi ti\u00eau d\u00f9ng kh\u00f4ng \u01b0a th\u00edch nh\u1eefng h\u01b0\u01a1ng th\u01a1m kh\u00f4ng d\u1ec5 ch\u1ecbu n\u00e0y v\u00e0 v\u1edbi s\u1ef1 c\u1ea1nh tranh ng\u00e0y c\u00e0ng t\u0103ng, vi\u1ec7c n\u00e2ng cao ch\u1ea5t l\u01b0\u1ee3ng s\u1ea3n ph\u1ea9m ho\u1eb7c c\u1ea3i thi\u1ec7n h\u01b0\u01a1ng v\u1ecb v\u00e0 h\u01b0\u01a1ng th\u01a1m l\u00e0 r\u1ea5t quan tr\u1ecdng.<\/p>\n\n\n\n<p>Reka Brand, chuy\u00ean gia trong ng\u00e0nh c\u00f4ng nghi\u1ec7p h\u01b0\u01a1ng li\u1ec7u v\u00e0 m\u00f9i h\u01b0\u01a1ng, v\u1edbi vi\u1ec7c s\u1ea3n xu\u1ea5t tr\u1ef1c ti\u1ebfp t\u1ea1i nh\u00e0 m\u00e1y, s\u1eb5n s\u00e0ng h\u1ed7 tr\u1ee3 v\u00e0 cung c\u1ea5p s\u1ef1 h\u1ed7 tr\u1ee3 cho c\u00e1c nh\u00e0 s\u1ea3n xu\u1ea5t quan t\u00e2m.<\/p>\n\n\n\n<p>Vui l\u00f2ng \u0111\u1ebfn trang Li\u00ean h\u1ec7 c\u1ee7a ch\u00fang t\u00f4i, nh\u1eadp ti\u00eau \u0111\u1ec1 ch\u1ee7 \u0111\u1ec1 [Y\u00eau c\u1ea7u h\u01b0\u01a1ng v\u1ecb CBD] v\u00e0 g\u1eedi y\u00eau c\u1ea7u c\u1ee7a b\u1ea1n ngay b\u00e2y gi\u1edd.<\/p>\n\n\n\n<figure class=\"wp-block-image size-large\"><img loading=\"lazy\" decoding=\"async\" width=\"1024\" height=\"714\" src=\"https:\/\/myvapeflavour.com\/vn\/vn\/Media\/2023\/04\/CBD-Oil-Tincture-WEBSITE-1024x714.jpg\" alt=\"\" class=\"wp-image-670\" srcset=\"https:\/\/myvapeflavour.com\/vn\/Media\/2023\/04\/CBD-Oil-Tincture-WEBSITE-1024x714.jpg 1024w, https:\/\/myvapeflavour.com\/vn\/Media\/2023\/04\/CBD-Oil-Tincture-WEBSITE-300x209.jpg 300w, https:\/\/myvapeflavour.com\/vn\/Media\/2023\/04\/CBD-Oil-Tincture-WEBSITE-768x536.jpg 768w, https:\/\/myvapeflavour.com\/vn\/Media\/2023\/04\/CBD-Oil-Tincture-WEBSITE-600x419.jpg 600w, https:\/\/myvapeflavour.com\/vn\/Media\/2023\/04\/CBD-Oil-Tincture-WEBSITE.jpg 1200w\" sizes=\"auto, (max-width: 1024px) 100vw, 1024px\" \/><\/figure>\n","protected":false},"excerpt":{"rendered":"<p>G\u1ea7n \u0111\u00e2y, s\u1ef1 b\u00f9ng n\u1ed5 c\u1ee7a CBD v\u00e0 C\u00e2y c\u1ecf Gai \u0111\u00e3 d\u1eabn \u0111\u1ebfn s\u1ef1 lan r\u1ed9ng c\u1ee7a nhi\u1ec1u s\u1ea3n &hellip;<\/p>\n","protected":false},"author":1,"featured_media":0,"parent":0,"menu_order":0,"comment_status":"closed","ping_status":"closed","template":"templates\/full-width-page.php","meta":{"_themeisle_gutenberg_block_has_review":false,"footnotes":""},"class_list":["post-28","page","type-page","status-publish","hentry"],"yoast_head":"<!-- This site is optimized with the Yoast SEO plugin v20.9 - https:\/\/yoast.com\/wordpress\/plugins\/seo\/ -->\n<title>S\u1ef1 ki\u1ec7n - Myvapeflavour.com - Reka Flavour Concentrates<\/title>\n<meta name=\"robots\" content=\"index, follow, max-snippet:-1, max-image-preview:large, max-video-preview:-1\" \/>\n<link rel=\"canonical\" href=\"https:\/\/myvapeflavour.com\/vn\/happening.html\" \/>\n<meta property=\"og:locale\" content=\"en_US\" \/>\n<meta property=\"og:type\" content=\"article\" \/>\n<meta property=\"og:title\" content=\"S\u1ef1 ki\u1ec7n - Myvapeflavour.com - Reka Flavour Concentrates\" \/>\n<meta property=\"og:description\" content=\"G\u1ea7n \u0111\u00e2y, s\u1ef1 b\u00f9ng n\u1ed5 c\u1ee7a CBD v\u00e0 C\u00e2y c\u1ecf Gai \u0111\u00e3 d\u1eabn \u0111\u1ebfn s\u1ef1 lan r\u1ed9ng c\u1ee7a nhi\u1ec1u s\u1ea3n &hellip;\" \/>\n<meta property=\"og:url\" content=\"https:\/\/myvapeflavour.com\/vn\/happening.html\" \/>\n<meta property=\"og:site_name\" content=\"Myvapeflavour.com - Reka Flavour Concentrates\" \/>\n<meta property=\"article:publisher\" content=\"https:\/\/www.facebook.com\/RekaFlavourConcentrates\" \/>\n<meta property=\"article:modified_time\" content=\"2023-07-28T05:22:25+00:00\" \/>\n<meta property=\"og:image\" content=\"https:\/\/myvapeflavour.com\/vn\/Media\/2023\/04\/CBD-Oil-Tincture-WEBSITE-1024x714.jpg\" \/>\n<meta name=\"twitter:card\" content=\"summary_large_image\" \/>\n<meta name=\"twitter:label1\" content=\"Est. reading time\" \/>\n\t<meta name=\"twitter:data1\" content=\"2 minutes\" \/>\n<script type=\"application\/ld+json\" class=\"yoast-schema-graph\">{\"@context\":\"https:\/\/schema.org\",\"@graph\":[{\"@type\":\"WebPage\",\"@id\":\"https:\/\/myvapeflavour.com\/vn\/happening.html\",\"url\":\"https:\/\/myvapeflavour.com\/vn\/happening.html\",\"name\":\"S\u1ef1 ki\u1ec7n - Myvapeflavour.com - Reka Flavour Concentrates\",\"isPartOf\":{\"@id\":\"https:\/\/myvapeflavour.com\/vn\/#website\"},\"datePublished\":\"2023-02-22T02:49:18+00:00\",\"dateModified\":\"2023-07-28T05:22:25+00:00\",\"breadcrumb\":{\"@id\":\"https:\/\/myvapeflavour.com\/vn\/happening.html#breadcrumb\"},\"inLanguage\":\"en-US\",\"potentialAction\":[{\"@type\":\"ReadAction\",\"target\":[\"https:\/\/myvapeflavour.com\/vn\/happening.html\"]}]},{\"@type\":\"BreadcrumbList\",\"@id\":\"https:\/\/myvapeflavour.com\/vn\/happening.html#breadcrumb\",\"itemListElement\":[{\"@type\":\"ListItem\",\"position\":1,\"name\":\"Home\",\"item\":\"https:\/\/myvapeflavour.com\/vn\/\"},{\"@type\":\"ListItem\",\"position\":2,\"name\":\"S\u1ef1 ki\u1ec7n\"}]},{\"@type\":\"WebSite\",\"@id\":\"https:\/\/myvapeflavour.com\/vn\/#website\",\"url\":\"https:\/\/myvapeflavour.com\/vn\/\",\"name\":\"Myvapeflavour.com - Reka Flavour Concentrates\",\"description\":\"Vape, Vape Juice, E-Juice Flavour Concentrates\",\"publisher\":{\"@id\":\"https:\/\/myvapeflavour.com\/vn\/#organization\"},\"potentialAction\":[{\"@type\":\"SearchAction\",\"target\":{\"@type\":\"EntryPoint\",\"urlTemplate\":\"https:\/\/myvapeflavour.com\/vn\/?s={search_term_string}\"},\"query-input\":\"required name=search_term_string\"}],\"inLanguage\":\"en-US\"},{\"@type\":\"Organization\",\"@id\":\"https:\/\/myvapeflavour.com\/vn\/#organization\",\"name\":\"Myvapeflavour.com - Reka Flavour Concentrates\",\"url\":\"https:\/\/myvapeflavour.com\/vn\/\",\"logo\":{\"@type\":\"ImageObject\",\"inLanguage\":\"en-US\",\"@id\":\"https:\/\/myvapeflavour.com\/vn\/#\/schema\/logo\/image\/\",\"url\":\"https:\/\/myvapeflavour.com\/vn\/Media\/2023\/05\/cropped-Reka-Flavour-Concentrate-Logo-240x60px.png\",\"contentUrl\":\"https:\/\/myvapeflavour.com\/vn\/Media\/2023\/05\/cropped-Reka-Flavour-Concentrate-Logo-240x60px.png\",\"width\":240,\"height\":60,\"caption\":\"Myvapeflavour.com - Reka Flavour Concentrates\"},\"image\":{\"@id\":\"https:\/\/myvapeflavour.com\/vn\/#\/schema\/logo\/image\/\"},\"sameAs\":[\"https:\/\/www.facebook.com\/RekaFlavourConcentrates\",\"https:\/\/www.tiktok.com\/@RekaFlavourConcentrates\"]}]}<\/script>\n<!-- \/ Yoast SEO plugin. -->","yoast_head_json":{"title":"S\u1ef1 ki\u1ec7n - Myvapeflavour.com - Reka Flavour Concentrates","robots":{"index":"index","follow":"follow","max-snippet":"max-snippet:-1","max-image-preview":"max-image-preview:large","max-video-preview":"max-video-preview:-1"},"canonical":"https:\/\/myvapeflavour.com\/vn\/happening.html","og_locale":"en_US","og_type":"article","og_title":"S\u1ef1 ki\u1ec7n - Myvapeflavour.com - Reka Flavour Concentrates","og_description":"G\u1ea7n \u0111\u00e2y, s\u1ef1 b\u00f9ng n\u1ed5 c\u1ee7a CBD v\u00e0 C\u00e2y c\u1ecf Gai \u0111\u00e3 d\u1eabn \u0111\u1ebfn s\u1ef1 lan r\u1ed9ng c\u1ee7a nhi\u1ec1u s\u1ea3n &hellip;","og_url":"https:\/\/myvapeflavour.com\/vn\/happening.html","og_site_name":"Myvapeflavour.com - Reka Flavour Concentrates","article_publisher":"https:\/\/www.facebook.com\/RekaFlavourConcentrates","article_modified_time":"2023-07-28T05:22:25+00:00","og_image":[{"url":"https:\/\/myvapeflavour.com\/vn\/Media\/2023\/04\/CBD-Oil-Tincture-WEBSITE-1024x714.jpg"}],"twitter_card":"summary_large_image","twitter_misc":{"Est. reading time":"2 minutes"},"schema":{"@context":"https:\/\/schema.org","@graph":[{"@type":"WebPage","@id":"https:\/\/myvapeflavour.com\/vn\/happening.html","url":"https:\/\/myvapeflavour.com\/vn\/happening.html","name":"S\u1ef1 ki\u1ec7n - Myvapeflavour.com - Reka Flavour Concentrates","isPartOf":{"@id":"https:\/\/myvapeflavour.com\/vn\/#website"},"datePublished":"2023-02-22T02:49:18+00:00","dateModified":"2023-07-28T05:22:25+00:00","breadcrumb":{"@id":"https:\/\/myvapeflavour.com\/vn\/happening.html#breadcrumb"},"inLanguage":"en-US","potentialAction":[{"@type":"ReadAction","target":["https:\/\/myvapeflavour.com\/vn\/happening.html"]}]},{"@type":"BreadcrumbList","@id":"https:\/\/myvapeflavour.com\/vn\/happening.html#breadcrumb","itemListElement":[{"@type":"ListItem","position":1,"name":"Home","item":"https:\/\/myvapeflavour.com\/vn\/"},{"@type":"ListItem","position":2,"name":"S\u1ef1 ki\u1ec7n"}]},{"@type":"WebSite","@id":"https:\/\/myvapeflavour.com\/vn\/#website","url":"https:\/\/myvapeflavour.com\/vn\/","name":"Myvapeflavour.com - Reka Flavour Concentrates","description":"Vape, Vape Juice, E-Juice Flavour Concentrates","publisher":{"@id":"https:\/\/myvapeflavour.com\/vn\/#organization"},"potentialAction":[{"@type":"SearchAction","target":{"@type":"EntryPoint","urlTemplate":"https:\/\/myvapeflavour.com\/vn\/?s={search_term_string}"},"query-input":"required name=search_term_string"}],"inLanguage":"en-US"},{"@type":"Organization","@id":"https:\/\/myvapeflavour.com\/vn\/#organization","name":"Myvapeflavour.com - Reka Flavour Concentrates","url":"https:\/\/myvapeflavour.com\/vn\/","logo":{"@type":"ImageObject","inLanguage":"en-US","@id":"https:\/\/myvapeflavour.com\/vn\/#\/schema\/logo\/image\/","url":"https:\/\/myvapeflavour.com\/vn\/Media\/2023\/05\/cropped-Reka-Flavour-Concentrate-Logo-240x60px.png","contentUrl":"https:\/\/myvapeflavour.com\/vn\/Media\/2023\/05\/cropped-Reka-Flavour-Concentrate-Logo-240x60px.png","width":240,"height":60,"caption":"Myvapeflavour.com - Reka Flavour Concentrates"},"image":{"@id":"https:\/\/myvapeflavour.com\/vn\/#\/schema\/logo\/image\/"},"sameAs":["https:\/\/www.facebook.com\/RekaFlavourConcentrates","https:\/\/www.tiktok.com\/@RekaFlavourConcentrates"]}]}},"_links":{"self":[{"href":"https:\/\/myvapeflavour.com\/vn\/wp-json\/wp\/v2\/pages\/28","targetHints":{"allow":["GET"]}}],"collection":[{"href":"https:\/\/myvapeflavour.com\/vn\/wp-json\/wp\/v2\/pages"}],"about":[{"href":"https:\/\/myvapeflavour.com\/vn\/wp-json\/wp\/v2\/types\/page"}],"author":[{"embeddable":true,"href":"https:\/\/myvapeflavour.com\/vn\/wp-json\/wp\/v2\/users\/1"}],"replies":[{"embeddable":true,"href":"https:\/\/myvapeflavour.com\/vn\/wp-json\/wp\/v2\/comments?post=28"}],"version-history":[{"count":4,"href":"https:\/\/myvapeflavour.com\/vn\/wp-json\/wp\/v2\/pages\/28\/revisions"}],"predecessor-version":[{"id":1241,"href":"https:\/\/myvapeflavour.com\/vn\/wp-json\/wp\/v2\/pages\/28\/revisions\/1241"}],"wp:attachment":[{"href":"https:\/\/myvapeflavour.com\/vn\/wp-json\/wp\/v2\/media?parent=28"}],"curies":[{"name":"wp","href":"https:\/\/api.w.org\/{rel}","templated":true}]}}